{"id":17469,"date":"2021-01-27T12:13:00","date_gmt":"2021-01-27T11:13:00","guid":{"rendered":"https:\/\/dev2.mgvpublications.com\/?post_type=product&#038;p=17469"},"modified":"2022-03-08T22:50:30","modified_gmt":"2022-03-08T21:50:30","slug":"kagit-bebekler","status":"publish","type":"product","link":"https:\/\/mgvpublications.com\/de\/kagit-bebekler\/","title":{"rendered":"Ka\u011f\u0131t Bebekler"},"content":{"rendered":"<div>\u00c7evirmen: Sevgi Atl\u0131han<\/div>\n<div>Yay\u0131n Tarihi: 09.01.2019<\/div>\n<div>ISBN: 9786053321385<\/div>\n<div>Dil: T\u00dcRK\u00c7E<\/div>\n<div>Sayfa Say\u0131s\u0131: 32<\/div>\n<div>Cilt Tipi: Karton Kapak<\/div>\n<div>Ka\u011f\u0131t Cinsi: Ku\u015fe Ka\u011f\u0131t<\/div>\n<div>Boyut: 21 x 29 cm<\/div>","protected":false},"excerpt":{"rendered":"<p>Harika bir \u00f6yk\u00fc, heyecanl\u0131 bir macera!..<br \/>\nK\u00fc\u00e7\u00fck bir k\u0131z ile be\u015f k\u00e2\u011f\u0131t bebe\u011finin gu\u00a8nleri evde ve bah\u00e7ede ge\u00e7iyordu. Ancak oyuncak bir dinozorun kar\u015f\u0131lar\u0131na \u00e7\u0131kmas\u0131yla, ya\u015fam nefes kesici bir maceraya d\u00f6n\u00fc\u015ft\u00fc. Bu cesur k\u00e2\u011f\u0131t bebeklerin \u00f6yk\u00fcs\u00fcn\u00fc okuduktan sonra, sen de kendi k\u00e2\u011f\u0131t bebeklerini yap\u0131p, \u00f6yk\u00fcler d\u00fcnyas\u0131n\u0131 ziyaret edebilirsin.<\/p>","protected":false},"featured_media":17470,"template":"","meta":{"spay_email":""},"product_cat":[172],"product_tag":[],"item":[336],"acf":[],"_links":{"self":[{"href":"https:\/\/mgvpublications.com\/de\/wp-json\/wp\/v2\/product\/17469"}],"collection":[{"href":"https:\/\/mgvpublications.com\/de\/wp-json\/wp\/v2\/product"}],"about":[{"href":"https:\/\/mgvpublications.com\/de\/wp-json\/wp\/v2\/types\/product"}],"wp:featuredmedia":[{"embeddable":true,"href":"https:\/\/mgvpublications.com\/de\/wp-json\/wp\/v2\/media\/17470"}],"wp:attachment":[{"href":"https:\/\/mgvpublications.com\/de\/wp-json\/wp\/v2\/media?parent=17469"}],"wp:term":[{"taxonomy":"product_cat","embeddable":true,"href":"https:\/\/mgvpublications.com\/de\/wp-json\/wp\/v2\/product_cat?post=17469"},{"taxonomy":"product_tag","embeddable":true,"href":"https:\/\/mgvpublications.com\/de\/wp-json\/wp\/v2\/product_tag?post=17469"},{"taxonomy":"item","embeddable":true,"href":"https:\/\/mgvpublications.com\/de\/wp-json\/wp\/v2\/item?post=17469"}],"curies":[{"name":"wp","href":"https:\/\/api.w.org\/{rel}","templated":true}]}}