{"id":17460,"date":"2021-01-27T11:51:08","date_gmt":"2021-01-27T10:51:08","guid":{"rendered":"https:\/\/dev2.mgvpublications.com\/?post_type=product&#038;p=17460"},"modified":"2022-03-08T22:50:29","modified_gmt":"2022-03-08T21:50:29","slug":"sunnetin-isiginda-islam-ahlakinin-esaslari","status":"publish","type":"product","link":"https:\/\/mgvpublications.com\/de\/sunnetin-isiginda-islam-ahlakinin-esaslari\/","title":{"rendered":"S\u00fcnnetin I\u015f\u0131\u011f\u0131nda \u0130slam Ahlak\u0131n\u0131n Esaslar\u0131"},"content":{"rendered":"<hr \/>\n<div class=\"attributes\">\n<table>\n<tbody>\n<tr>\n<td>Yay\u0131n Tarihi:<\/td>\n<td>01.01.2015<\/td>\n<\/tr>\n<tr>\n<td>ISBN:<\/td>\n<td>9789751963826<\/td>\n<\/tr>\n<tr>\n<td>Dil:<\/td>\n<td>T\u00dcRK\u00c7E<\/td>\n<\/tr>\n<tr>\n<td>Sayfa Say\u0131s\u0131:<\/td>\n<td>384<\/td>\n<\/tr>\n<tr>\n<td>Cilt Tipi:<\/td>\n<td>Karton Kapak<\/td>\n<\/tr>\n<tr>\n<td>Ka\u011f\u0131t Cinsi:<\/td>\n<td>Kitap Ka\u011f\u0131d\u0131<\/td>\n<\/tr>\n<tr>\n<td>Boyut:<\/td>\n<td>16 x 24 cm<\/td>\n<\/tr>\n<\/tbody>\n<\/table>\n<\/div>","protected":false},"excerpt":{"rendered":"<div class=\"top-block\">\n<div class=\"pr_description\">\n<div id=\"description_text\" class=\"readmore-js-section readmore-js-expanded\"><span class=\"info__text\">\u0130mam Nevevi&#8217; nin &#8220;el-Erbain&#8221; adl\u0131 eseri \u00e7ok yararl\u0131, bereketli ve m\u00fchim bir eserdir. Kendisinden \u00e7ok yararland\u0131\u011f\u0131m bu eseri, yeniden dilimize \u00e7evirmeyi d\u00fc\u015f\u00fcnd\u00fcm ve \u00e7evirdim. Ebu&#8217;l Ferec Abdurrahman merhumun bu hadisi \u015feriflere on hadis-i \u015ferif ilavesi ile elliye varan bu esere i\u00e7inde ya\u015fad\u0131\u011f\u0131m\u0131z bu \u00e7a\u011f\u0131n sorunlar\u0131na da \u0131\u015f\u0131k tutan on \u00fc\u00e7 hadis-i \u015ferif daha ilave ederek\u00a0 bunlar\u0131n say\u0131s\u0131n\u0131 atm\u0131\u015f \u00fc\u00e7e \u00e7\u0131kard\u0131m.\u0130lave etti\u011fim hadis-i \u015feriflerde &#8220;Cevami\u00fc&#8217;l Kelim&#8221; den ve sahih hadis-i \u015feriflerdendir. Okundu\u011funda g\u00f6r\u00fclece\u011fi \u00fczere bu hadis-i \u015feriflerin, laf\u0131zlar\u0131 \u00e7ok k\u0131sa, \u00f6zl\u00fc ve kapsaml\u0131d\u0131r. \u00d6zellikle bu hadis-i \u015ferifler, toplum hayat\u0131m\u0131zda kar\u015f\u0131la\u015f\u0131lan zorluklar\u0131 a\u015fmam\u0131zda bizlere \u0131\u015f\u0131k tutmaktad\u0131r.<br \/>\n<\/span><\/div>\n<p><a class=\"readmore-js-toggle\" href=\"https:\/\/www.kitapyurdu.com\/#\">gizle<\/a><\/div>\n<\/div>\n<div class=\"bottom-block\">\n<div class=\"pr_attributes\"><\/div>\n<\/div>","protected":false},"featured_media":17461,"template":"","meta":{"spay_email":""},"product_cat":[174],"product_tag":[],"item":[960],"acf":[],"_links":{"self":[{"href":"https:\/\/mgvpublications.com\/de\/wp-json\/wp\/v2\/product\/17460"}],"collection":[{"href":"https:\/\/mgvpublications.com\/de\/wp-json\/wp\/v2\/product"}],"about":[{"href":"https:\/\/mgvpublications.com\/de\/wp-json\/wp\/v2\/types\/product"}],"wp:featuredmedia":[{"embeddable":true,"href":"https:\/\/mgvpublications.com\/de\/wp-json\/wp\/v2\/media\/17461"}],"wp:attachment":[{"href":"https:\/\/mgvpublications.com\/de\/wp-json\/wp\/v2\/media?parent=17460"}],"wp:term":[{"taxonomy":"product_cat","embeddable":true,"href":"https:\/\/mgvpublications.com\/de\/wp-json\/wp\/v2\/product_cat?post=17460"},{"taxonomy":"product_tag","embeddable":true,"href":"https:\/\/mgvpublications.com\/de\/wp-json\/wp\/v2\/product_tag?post=17460"},{"taxonomy":"item","embeddable":true,"href":"https:\/\/mgvpublications.com\/de\/wp-json\/wp\/v2\/item?post=17460"}],"curies":[{"name":"wp","href":"https:\/\/api.w.org\/{rel}","templated":true}]}}