{"id":17451,"date":"2021-01-27T11:29:00","date_gmt":"2021-01-27T10:29:00","guid":{"rendered":"https:\/\/dev2.mgvpublications.com\/?post_type=product&#038;p=17451"},"modified":"2022-03-08T22:50:29","modified_gmt":"2022-03-08T21:50:29","slug":"hadislerle-kadin","status":"publish","type":"product","link":"https:\/\/mgvpublications.com\/de\/hadislerle-kadin\/","title":{"rendered":"Hadislerle Kad\u0131n"},"content":{"rendered":"<hr \/>\n<div class=\"attributes\">\n<table>\n<tbody>\n<tr>\n<td>Yay\u0131n Tarihi:<\/td>\n<td>16.04.2019<\/td>\n<\/tr>\n<tr>\n<td>ISBN:<\/td>\n<td>9789751970503<\/td>\n<\/tr>\n<tr>\n<td>Dil:<\/td>\n<td>T\u00dcRK\u00c7E<\/td>\n<\/tr>\n<tr>\n<td>Sayfa Say\u0131s\u0131:<\/td>\n<td>149<\/td>\n<\/tr>\n<tr>\n<td>Cilt Tipi:<\/td>\n<td>Karton Kapak<\/td>\n<\/tr>\n<tr>\n<td>Ka\u011f\u0131t Cinsi:<\/td>\n<td>Kitap Ka\u011f\u0131d\u0131<\/td>\n<\/tr>\n<tr>\n<td>Boyut:<\/td>\n<td>13 x 21.05 cm<\/td>\n<\/tr>\n<\/tbody>\n<\/table>\n<\/div>","protected":false},"excerpt":{"rendered":"<p>Kad\u0131nlar i\u00e7in huzurun ve g\u00fcvenin kayna\u011f\u0131 olmu\u015ftur Hz. Peygamber. Haklar\u0131n\u0131 koruyup g\u00f6zeterek onlar\u0131 \u201cAllah\u2019\u0131n emaneti\u201d olarak tan\u0131mlam\u0131\u015f, erkekleri onlara kar\u015f\u0131 davran\u0131\u015flar\u0131 konusunda uyarm\u0131\u015ft\u0131r. Ayette de belirtildi\u011fi gibi, kad\u0131n ve erke\u011fin d\u00fcnya hayat\u0131nda \u201cveli\u201d yani birbirleriyle yard\u0131mla\u015fan, birbirlerini cennete ta\u015f\u0131yan dost ve destek insanlar olmalar\u0131n\u0131 arzu etmi\u015f, onlara bu yolda rehberlik etmi\u015ftir.<\/p>\n<p>Sevgili peygamberimiz, \u0130slam\u2019\u0131n kad\u0131na bak\u0131\u015f\u0131n\u0131 izah etmi\u015f, bu bak\u0131\u015f\u0131n hayata yans\u0131malar\u0131n\u0131 bizzat uygulamalar\u0131yla g\u00f6stermi\u015ftir.<\/p>","protected":false},"featured_media":17452,"template":"","meta":{"spay_email":""},"product_cat":[174],"product_tag":[],"item":[960],"acf":[],"_links":{"self":[{"href":"https:\/\/mgvpublications.com\/de\/wp-json\/wp\/v2\/product\/17451"}],"collection":[{"href":"https:\/\/mgvpublications.com\/de\/wp-json\/wp\/v2\/product"}],"about":[{"href":"https:\/\/mgvpublications.com\/de\/wp-json\/wp\/v2\/types\/product"}],"wp:featuredmedia":[{"embeddable":true,"href":"https:\/\/mgvpublications.com\/de\/wp-json\/wp\/v2\/media\/17452"}],"wp:attachment":[{"href":"https:\/\/mgvpublications.com\/de\/wp-json\/wp\/v2\/media?parent=17451"}],"wp:term":[{"taxonomy":"product_cat","embeddable":true,"href":"https:\/\/mgvpublications.com\/de\/wp-json\/wp\/v2\/product_cat?post=17451"},{"taxonomy":"product_tag","embeddable":true,"href":"https:\/\/mgvpublications.com\/de\/wp-json\/wp\/v2\/product_tag?post=17451"},{"taxonomy":"item","embeddable":true,"href":"https:\/\/mgvpublications.com\/de\/wp-json\/wp\/v2\/item?post=17451"}],"curies":[{"name":"wp","href":"https:\/\/api.w.org\/{rel}","templated":true}]}}