{"id":17449,"date":"2021-01-27T11:24:04","date_gmt":"2021-01-27T10:24:04","guid":{"rendered":"https:\/\/dev2.mgvpublications.com\/?post_type=product&#038;p=17449"},"modified":"2022-05-14T13:06:05","modified_gmt":"2022-05-14T11:06:05","slug":"masal-kitabim-2","status":"publish","type":"product","link":"https:\/\/mgvpublications.com\/de\/masal-kitabim-2\/","title":{"rendered":"Masal Kitab\u0131m"},"content":{"rendered":"<hr \/>\n<div class=\"attributes\">\n<table>\n<tbody>\n<tr>\n<td>\u00c7izer:<\/td>\n<td><a href=\"https:\/\/www.kitapyurdu.com\/yazar\/murat-tanhu-yilmaz\/161060.html\" target=\"_blank\" rel=\"noopener\">Murat Tanhu Y\u0131lmaz<\/a><\/td>\n<\/tr>\n<tr>\n<td>ISBN:<\/td>\n<td>9789751960467<\/td>\n<\/tr>\n<tr>\n<td>Dil:<\/td>\n<td>T\u00dcRK\u00c7E<\/td>\n<\/tr>\n<tr>\n<td>Cilt Tipi:<\/td>\n<td>Karton Kapak<\/td>\n<\/tr>\n<tr>\n<td>Ka\u011f\u0131t Cinsi:<\/td>\n<td>Kitap Ka\u011f\u0131d\u0131<\/td>\n<\/tr>\n<\/tbody>\n<\/table>\n<\/div>","protected":false},"excerpt":{"rendered":"<p>\u00c7izer: Murat Tanhu Y\u0131lmaz ISBN: 9789751960467 Dil: T\u00dcRK\u00c7E Cilt Tipi: Karton Kapak Ka\u011f\u0131t Cinsi: Kitap Ka\u011f\u0131d\u0131<\/p>","protected":false},"featured_media":17450,"template":"","meta":{"spay_email":""},"product_cat":[172],"product_tag":[],"item":[960],"acf":[],"_links":{"self":[{"href":"https:\/\/mgvpublications.com\/de\/wp-json\/wp\/v2\/product\/17449"}],"collection":[{"href":"https:\/\/mgvpublications.com\/de\/wp-json\/wp\/v2\/product"}],"about":[{"href":"https:\/\/mgvpublications.com\/de\/wp-json\/wp\/v2\/types\/product"}],"wp:featuredmedia":[{"embeddable":true,"href":"https:\/\/mgvpublications.com\/de\/wp-json\/wp\/v2\/media\/17450"}],"wp:attachment":[{"href":"https:\/\/mgvpublications.com\/de\/wp-json\/wp\/v2\/media?parent=17449"}],"wp:term":[{"taxonomy":"product_cat","embeddable":true,"href":"https:\/\/mgvpublications.com\/de\/wp-json\/wp\/v2\/product_cat?post=17449"},{"taxonomy":"product_tag","embeddable":true,"href":"https:\/\/mgvpublications.com\/de\/wp-json\/wp\/v2\/product_tag?post=17449"},{"taxonomy":"item","embeddable":true,"href":"https:\/\/mgvpublications.com\/de\/wp-json\/wp\/v2\/item?post=17449"}],"curies":[{"name":"wp","href":"https:\/\/api.w.org\/{rel}","templated":true}]}}