{"id":17443,"date":"2021-01-27T11:13:40","date_gmt":"2021-01-27T10:13:40","guid":{"rendered":"https:\/\/dev2.mgvpublications.com\/?post_type=product&#038;p=17443"},"modified":"2024-11-04T00:22:05","modified_gmt":"2024-11-03T23:22:05","slug":"imam-ebu-hanifenin-hadis-anlayisi-ve-hanefi-mezhebinin-hadis-metodu","status":"publish","type":"product","link":"https:\/\/mgvpublications.com\/de\/imam-ebu-hanifenin-hadis-anlayisi-ve-hanefi-mezhebinin-hadis-metodu\/","title":{"rendered":"\u0130mam Ebu Hanife&#8217;nin Hadis Anlay\u0131\u015f\u0131 ve Hanefi Mezhebinin Hadis Metodu"},"content":{"rendered":"<p>Yay\u0131n Tarihi: 01.01.2018<br \/>ISBN: 9789751908063<br \/>Dil: T\u00dcRK\u00c7E<br \/>Sayfa Say\u0131s\u0131: 343<br \/>Cilt Tipi: Karton Kapak<br \/>Ka\u011f\u0131t Cinsi: Kitap Ka\u011f\u0131d\u0131<br \/>Boyut: 16 x 23.5 cm<\/p>","protected":false},"excerpt":{"rendered":"<p>Ebu Hanife`yi hadis\u00e7ili\u011fi y\u00f6n\u00fcnden cerhedenler ve onu, sahih hadise muhalafet ve zay\u0131f hadisle amel etti\u011fi gerek\u00e7esiyle tenkid edenler, genellikle kendisinden \u00e7ok sonra ya\u015fam\u0131\u015f hadis\u00e7ilerdir ve dayand\u0131klar\u0131 \u00f6l\u00e7\u00fcler de yine Ebu Hanife`den en az bir as\u0131r sonra gelmi\u015f hadis\u00e7ilerin tesbit ettikleri kriterlerdir.<\/p>","protected":false},"featured_media":23292,"template":"","meta":{"spay_email":""},"product_cat":[174],"product_tag":[],"item":[960],"acf":[],"_links":{"self":[{"href":"https:\/\/mgvpublications.com\/de\/wp-json\/wp\/v2\/product\/17443"}],"collection":[{"href":"https:\/\/mgvpublications.com\/de\/wp-json\/wp\/v2\/product"}],"about":[{"href":"https:\/\/mgvpublications.com\/de\/wp-json\/wp\/v2\/types\/product"}],"wp:featuredmedia":[{"embeddable":true,"href":"https:\/\/mgvpublications.com\/de\/wp-json\/wp\/v2\/media\/23292"}],"wp:attachment":[{"href":"https:\/\/mgvpublications.com\/de\/wp-json\/wp\/v2\/media?parent=17443"}],"wp:term":[{"taxonomy":"product_cat","embeddable":true,"href":"https:\/\/mgvpublications.com\/de\/wp-json\/wp\/v2\/product_cat?post=17443"},{"taxonomy":"product_tag","embeddable":true,"href":"https:\/\/mgvpublications.com\/de\/wp-json\/wp\/v2\/product_tag?post=17443"},{"taxonomy":"item","embeddable":true,"href":"https:\/\/mgvpublications.com\/de\/wp-json\/wp\/v2\/item?post=17443"}],"curies":[{"name":"wp","href":"https:\/\/api.w.org\/{rel}","templated":true}]}}