{"id":17441,"date":"2021-01-27T11:09:41","date_gmt":"2021-01-27T10:09:41","guid":{"rendered":"https:\/\/dev2.mgvpublications.com\/?post_type=product&#038;p=17441"},"modified":"2022-03-08T22:50:25","modified_gmt":"2022-03-08T21:50:25","slug":"kurandan-ogutler-2-cilt-takim","status":"publish","type":"product","link":"https:\/\/mgvpublications.com\/de\/kurandan-ogutler-2-cilt-takim\/","title":{"rendered":"Kur&#8217;an&#8217;dan \u00d6\u011f\u00fctler (2 Cilt tak\u0131m)"},"content":{"rendered":"<div class=\"attributes\">\n<table>\n<tbody>\n<tr>\n<td>Yay\u0131n Tarihi:<\/td>\n<td>01.01.2016<\/td>\n<\/tr>\n<tr>\n<td>ISBN:<\/td>\n<td>9789751947550<\/td>\n<\/tr>\n<tr>\n<td>Dil:<\/td>\n<td>T\u00dcRK\u00c7E<\/td>\n<\/tr>\n<tr>\n<td>Sayfa Say\u0131s\u0131:<\/td>\n<td>852<\/td>\n<\/tr>\n<tr>\n<td>Cilt Tipi:<\/td>\n<td>Karton Kapak<\/td>\n<\/tr>\n<tr>\n<td>Ka\u011f\u0131t Cinsi:<\/td>\n<td>Kitap Ka\u011f\u0131d\u0131<\/td>\n<\/tr>\n<tr>\n<td>Boyut:<\/td>\n<td>16 x 23.5 cm<\/td>\n<\/tr>\n<\/tbody>\n<\/table>\n<\/div>","protected":false},"excerpt":{"rendered":"<p>Kur`an, insanl\u0131\u011f\u0131n ufkunda bir \u0131\u015f\u0131k gibi yanan ve her d\u00f6nemde insanlar\u0131n yollar\u0131n\u0131, kalplerini ve g\u00f6n\u00fcllerini ayd\u0131nlatan bir me\u015faledir. Kur`an, bize kendimizi hikmet aynas\u0131nda g\u00f6rmemiz ve Rabbimizi tan\u0131mam\u0131z i\u00e7in rehberlik eden, var olu\u015fun ve hayat\u0131n anlam\u0131n\u0131 g\u00f6steren akl\u0131n ve g\u00f6nl\u00fcn \u015fifa kayna\u011f\u0131, ilim ve irfan menba\u0131, d\u00fcnya ve ahiret mutlulu\u011funun k\u0131lavuzu ve yol haritas\u0131d\u0131r. O, okunmak, anla\u015f\u0131lmak ve getirdi\u011fi evrensel mesaj \u00f6z\u00fcmsenmek, i\u00e7selle\u015ftirilmek i\u00e7in g\u00f6nderilmi\u015ftir. Bu itibarla sadece okumay\u0131 \u00f6\u011frenmekle ve okumakla yetinilmeyip i\u00e7eri\u011finin de bilinmesi, Kur`an`\u0131n ne anlat\u0131\u011f\u0131n\u0131n kavran\u0131lmas\u0131, hatta onun kendi hayat\u0131m\u0131za da yans\u0131t\u0131lmas\u0131 gerekir.<\/p>","protected":false},"featured_media":17442,"template":"","meta":{"spay_email":""},"product_cat":[174],"product_tag":[],"item":[960],"acf":[],"_links":{"self":[{"href":"https:\/\/mgvpublications.com\/de\/wp-json\/wp\/v2\/product\/17441"}],"collection":[{"href":"https:\/\/mgvpublications.com\/de\/wp-json\/wp\/v2\/product"}],"about":[{"href":"https:\/\/mgvpublications.com\/de\/wp-json\/wp\/v2\/types\/product"}],"wp:featuredmedia":[{"embeddable":true,"href":"https:\/\/mgvpublications.com\/de\/wp-json\/wp\/v2\/media\/17442"}],"wp:attachment":[{"href":"https:\/\/mgvpublications.com\/de\/wp-json\/wp\/v2\/media?parent=17441"}],"wp:term":[{"taxonomy":"product_cat","embeddable":true,"href":"https:\/\/mgvpublications.com\/de\/wp-json\/wp\/v2\/product_cat?post=17441"},{"taxonomy":"product_tag","embeddable":true,"href":"https:\/\/mgvpublications.com\/de\/wp-json\/wp\/v2\/product_tag?post=17441"},{"taxonomy":"item","embeddable":true,"href":"https:\/\/mgvpublications.com\/de\/wp-json\/wp\/v2\/item?post=17441"}],"curies":[{"name":"wp","href":"https:\/\/api.w.org\/{rel}","templated":true}]}}