{"id":17439,"date":"2021-01-27T11:03:22","date_gmt":"2021-01-27T10:03:22","guid":{"rendered":"https:\/\/dev2.mgvpublications.com\/?post_type=product&#038;p=17439"},"modified":"2022-04-08T06:16:54","modified_gmt":"2022-04-08T04:16:54","slug":"salyangoz-avcilari-sehir-gunlukleri-1","status":"publish","type":"product","link":"https:\/\/mgvpublications.com\/de\/salyangoz-avcilari-sehir-gunlukleri-1\/","title":{"rendered":"Salyangoz Avc\u0131lar\u0131 \/ \u015eehir G\u00fcnl\u00fckleri 1"},"content":{"rendered":"<p>Yay\u0131n Tarihi: 18.05.2021<br \/>ISBN: 9786052297278<br \/>Dil: T\u00dcRK\u00c7E<br \/>Sayfa Say\u0131s\u0131: 144<br \/>Cilt Tipi: Karton Kapak<br \/>Ka\u011f\u0131t Cinsi: Kitap Ka\u011f\u0131d\u0131<br \/>Boyut: 13.5 x 21 cm<br \/>\u00c7izer: Bala Erfidan<br \/>Di\u011fer \u00d6zellik: 8+ Ya\u015f<\/p>","protected":false},"excerpt":{"rendered":"<p>Fesle\u011fen K\u00f6y\u00fc\u2019ne ho\u015f geldiniz! Bu k\u00f6yde inekler \u00e7ikolatal\u0131 s\u00fct veriyor, insanlar tuzlu-kremal\u0131 \u00e7aylar i\u00e7iyor ve tereya\u011f\u0131nda demlenmi\u015f salyangoz dolmas\u0131 yemeye bay\u0131l\u0131yor! Balina kemi\u011finden yap\u0131lm\u0131\u015f evlerde her g\u00fcn bamba\u015fka maceralara at\u0131lan \u00e7ocuklar\u0131n ise tek bir g\u00fcn\u00fc bile s\u0131radan ge\u00e7miyor! G\u00fcn\u00fcn ilk \u0131\u015f\u0131klar\u0131yla b\u00fcy\u00fcl\u00fc bir kay\u0131\u011fa binerek binlerce y\u0131l \u00f6ncesine giden \u00e7ocuklar\u0131n bu masals\u0131 yolculu\u011funa e\u015flik etmek ister misiniz?<\/p>","protected":false},"featured_media":23106,"template":"","meta":{"spay_email":""},"product_cat":[172],"product_tag":[],"item":[1237],"acf":[],"_links":{"self":[{"href":"https:\/\/mgvpublications.com\/de\/wp-json\/wp\/v2\/product\/17439"}],"collection":[{"href":"https:\/\/mgvpublications.com\/de\/wp-json\/wp\/v2\/product"}],"about":[{"href":"https:\/\/mgvpublications.com\/de\/wp-json\/wp\/v2\/types\/product"}],"wp:featuredmedia":[{"embeddable":true,"href":"https:\/\/mgvpublications.com\/de\/wp-json\/wp\/v2\/media\/23106"}],"wp:attachment":[{"href":"https:\/\/mgvpublications.com\/de\/wp-json\/wp\/v2\/media?parent=17439"}],"wp:term":[{"taxonomy":"product_cat","embeddable":true,"href":"https:\/\/mgvpublications.com\/de\/wp-json\/wp\/v2\/product_cat?post=17439"},{"taxonomy":"product_tag","embeddable":true,"href":"https:\/\/mgvpublications.com\/de\/wp-json\/wp\/v2\/product_tag?post=17439"},{"taxonomy":"item","embeddable":true,"href":"https:\/\/mgvpublications.com\/de\/wp-json\/wp\/v2\/item?post=17439"}],"curies":[{"name":"wp","href":"https:\/\/api.w.org\/{rel}","templated":true}]}}