{"id":17435,"date":"2021-01-27T10:49:25","date_gmt":"2021-01-27T09:49:25","guid":{"rendered":"https:\/\/dev2.mgvpublications.com\/?post_type=product&#038;p=17435"},"modified":"2022-06-18T13:59:59","modified_gmt":"2022-06-18T11:59:59","slug":"baska-bir-dunya","status":"publish","type":"product","link":"https:\/\/mgvpublications.com\/de\/baska-bir-dunya\/","title":{"rendered":"Ba\u015fka Bir D\u00fcnya"},"content":{"rendered":"<p>Yay\u0131n Tarihi: 27.04.2019<br \/>ISBN: 9786052297339<br \/>Dil: T\u00dcRK\u00c7E<br \/>Sayfa Say\u0131s\u0131: 36<br \/>Cilt Tipi: Karton Kapak<br \/>Ka\u011f\u0131t Cinsi: Ku\u015fe Ka\u011f\u0131t<br \/>Boyut: 22 x 20.3 cm<\/p>","protected":false},"excerpt":{"rendered":"<p>Billur bir deniz kenar\u0131, at\u0131klardan ar\u0131nm\u0131\u015f bir toprak, dallar\u0131na ne\u015feli ku\u015flar\u0131n t\u00fcnedi\u011fi bir a\u011fa\u00e7 g\u00f6lgesi, bah\u00e7elerinden taptaze bir bahar havas\u0131 ye\u015ferten evler, do\u011faya minnet duyan g\u00fcler y\u00fczl\u00fc insanlar\u0131n ya\u015fad\u0131\u011f\u0131 bir kent m\u00fcmk\u00fcn m\u00fc? Yani, ba\u015fka bir d\u00fcnya m\u00fcmk\u00fcn m\u00fc? Bu masal, de\u011fi\u015fime kendilerinden ba\u015flayarak yeniden do\u011fu\u015fun b\u00fcy\u00fcl\u00fc bir \u00f6yk\u00fcs\u00fcn\u00fc yazan ola\u011fan\u00fcst\u00fc iki karakteri, onlar\u0131n fark\u0131ndal\u0131k dolu ya\u015famlar\u0131n\u0131 ve topra\u011fa dayal\u0131 m\u00fccadelelerini anlat\u0131yor. D\u00fcnyam\u0131z\u0131 korumak ve ona iyi bakmak i\u00e7in hepimizin yapabilece\u011fini bir \u015feylerin oldu\u011funu, bir insan\u0131n de\u011fi\u015fmesiyle d\u00fcnyan\u0131n bamba\u015fka bir yer h\u00e2line gelebilece\u011fini kula\u011f\u0131m\u0131za f\u0131s\u0131ld\u0131yor. Dinlemeye haz\u0131r m\u0131s\u0131n?<\/p>","protected":false},"featured_media":18918,"template":"","meta":{"spay_email":""},"product_cat":[172],"product_tag":[],"item":[1237],"acf":[],"_links":{"self":[{"href":"https:\/\/mgvpublications.com\/de\/wp-json\/wp\/v2\/product\/17435"}],"collection":[{"href":"https:\/\/mgvpublications.com\/de\/wp-json\/wp\/v2\/product"}],"about":[{"href":"https:\/\/mgvpublications.com\/de\/wp-json\/wp\/v2\/types\/product"}],"wp:featuredmedia":[{"embeddable":true,"href":"https:\/\/mgvpublications.com\/de\/wp-json\/wp\/v2\/media\/18918"}],"wp:attachment":[{"href":"https:\/\/mgvpublications.com\/de\/wp-json\/wp\/v2\/media?parent=17435"}],"wp:term":[{"taxonomy":"product_cat","embeddable":true,"href":"https:\/\/mgvpublications.com\/de\/wp-json\/wp\/v2\/product_cat?post=17435"},{"taxonomy":"product_tag","embeddable":true,"href":"https:\/\/mgvpublications.com\/de\/wp-json\/wp\/v2\/product_tag?post=17435"},{"taxonomy":"item","embeddable":true,"href":"https:\/\/mgvpublications.com\/de\/wp-json\/wp\/v2\/item?post=17435"}],"curies":[{"name":"wp","href":"https:\/\/api.w.org\/{rel}","templated":true}]}}