{"id":17421,"date":"2021-01-27T01:28:01","date_gmt":"2021-01-27T00:28:01","guid":{"rendered":"https:\/\/dev2.mgvpublications.com\/?post_type=product&#038;p=17421"},"modified":"2022-03-08T22:50:21","modified_gmt":"2022-03-08T21:50:21","slug":"caglar-okula-basliyor-ilk-okuma-kitabim","status":"publish","type":"product","link":"https:\/\/mgvpublications.com\/de\/caglar-okula-basliyor-ilk-okuma-kitabim\/","title":{"rendered":"\u00c7a\u011flar Okula Ba\u015fl\u0131yor \/ \u0130lk Okuma Kitab\u0131m"},"content":{"rendered":"<div class=\"attributes\">\n<table>\n<tbody>\n<tr>\n<td>\u00c7evirmen:<\/td>\n<td><a href=\"https:\/\/www.kitapyurdu.com\/yazar\/aylin-gergin\/26756.html\" target=\"_blank\" rel=\"noopener\">Aylin Gergin<\/a><\/td>\n<\/tr>\n<tr>\n<td>Yay\u0131n Tarihi:<\/td>\n<td>19.03.2019<\/td>\n<\/tr>\n<tr>\n<td>ISBN:<\/td>\n<td>9786052955604<\/td>\n<\/tr>\n<tr>\n<td>Dil:<\/td>\n<td>T\u00dcRK\u00c7E<\/td>\n<\/tr>\n<tr>\n<td>Sayfa Say\u0131s\u0131:<\/td>\n<td>24<\/td>\n<\/tr>\n<tr>\n<td>Cilt Tipi:<\/td>\n<td>Karton Kapak<\/td>\n<\/tr>\n<tr>\n<td>Ka\u011f\u0131t Cinsi:<\/td>\n<td>Kitap Ka\u011f\u0131d\u0131<\/td>\n<\/tr>\n<tr>\n<td>Boyut:<\/td>\n<td>22 x 22 cm<\/td>\n<\/tr>\n<\/tbody>\n<\/table>\n<\/div>","protected":false},"excerpt":{"rendered":"<p>\u00c7a\u011flar ald\u0131\u011f\u0131 haberle sevin\u00e7ten havaya z\u0131plad\u0131. Yaz tatilinden sonra nihayet okula ba\u015flayacakt\u0131! Uzun zamand\u0131r okuma yazma \u00f6\u011frenmek isteyen \u00c7a\u011flar\u2019\u0131n hayalleri ger\u00e7ek oluyordu. Acaba en iyi arkada\u015f\u0131 Pelin\u2019le ayn\u0131 s\u0131n\u0131fta olabilecek miydi?<\/p>","protected":false},"featured_media":17422,"template":"","meta":{"spay_email":""},"product_cat":[172],"product_tag":[],"item":[336],"acf":[],"_links":{"self":[{"href":"https:\/\/mgvpublications.com\/de\/wp-json\/wp\/v2\/product\/17421"}],"collection":[{"href":"https:\/\/mgvpublications.com\/de\/wp-json\/wp\/v2\/product"}],"about":[{"href":"https:\/\/mgvpublications.com\/de\/wp-json\/wp\/v2\/types\/product"}],"wp:featuredmedia":[{"embeddable":true,"href":"https:\/\/mgvpublications.com\/de\/wp-json\/wp\/v2\/media\/17422"}],"wp:attachment":[{"href":"https:\/\/mgvpublications.com\/de\/wp-json\/wp\/v2\/media?parent=17421"}],"wp:term":[{"taxonomy":"product_cat","embeddable":true,"href":"https:\/\/mgvpublications.com\/de\/wp-json\/wp\/v2\/product_cat?post=17421"},{"taxonomy":"product_tag","embeddable":true,"href":"https:\/\/mgvpublications.com\/de\/wp-json\/wp\/v2\/product_tag?post=17421"},{"taxonomy":"item","embeddable":true,"href":"https:\/\/mgvpublications.com\/de\/wp-json\/wp\/v2\/item?post=17421"}],"curies":[{"name":"wp","href":"https:\/\/api.w.org\/{rel}","templated":true}]}}