{"id":17419,"date":"2021-01-27T01:22:48","date_gmt":"2021-01-27T00:22:48","guid":{"rendered":"https:\/\/dev2.mgvpublications.com\/?post_type=product&#038;p=17419"},"modified":"2022-06-14T11:14:40","modified_gmt":"2022-06-14T09:14:40","slug":"caglar-hayir-demeyi-ogreniyor","status":"publish","type":"product","link":"https:\/\/mgvpublications.com\/de\/caglar-hayir-demeyi-ogreniyor\/","title":{"rendered":"\u00c7a\u011flar Hay\u0131r Demeyi \u00d6\u011freniyor"},"content":{"rendered":"<table>\n<tbody>\n<tr>\n<td>\u00c7evirmen:<\/td>\n<td>Aylin Gergin<\/td>\n<\/tr>\n<tr>\n<td>Yay\u0131n Tarihi:<\/td>\n<td>24.05.2019<\/td>\n<\/tr>\n<tr>\n<td>Orijinal Ad\u0131:<\/td>\n<td>Max sagt Stopp!<\/td>\n<\/tr>\n<tr>\n<td>ISBN:<\/td>\n<td>9786052956212<\/td>\n<\/tr>\n<tr>\n<td>Dil:<\/td>\n<td>T\u00dcRK\u00c7E<\/td>\n<\/tr>\n<tr>\n<td>Sayfa Say\u0131s\u0131:<\/td>\n<td>24<\/td>\n<\/tr>\n<tr>\n<td>Cilt Tipi:<\/td>\n<td>Karton Kapak<\/td>\n<\/tr>\n<tr>\n<td>Ka\u011f\u0131t Cinsi:<\/td>\n<td>Kitap Ka\u011f\u0131d\u0131<\/td>\n<\/tr>\n<tr>\n<td>Boyut:<\/td>\n<td>22 x 22 cm<\/td>\n<\/tr>\n<\/tbody>\n<\/table>","protected":false},"excerpt":{"rendered":"<p>Hay\u0131r demek \u00e7ocuklar i\u00e7in zor olabilir, ancak bir o kadar da \u00f6nemlidir. \u00c7a\u011flar istemedi\u011fi bir davran\u0131\u015fla kar\u015f\u0131la\u015ft\u0131\u011f\u0131nda abisi F\u0131rat\u2019a, onu s\u00fcrekli \u00f6pen annesinin arkada\u015f\u0131na veya okuldaki arkada\u015flar\u0131na hay\u0131r demeyi nas\u0131l \u00f6\u011freniyor dersiniz? Kitab\u0131m\u0131z \u00e7ocuklara hay\u0131r demeyi \u00f6\u011fretmek i\u00e7in ebeveynlere, \u00f6\u011fretmenlere ve pedagoglara \u0131\u015f\u0131k tutacakt\u0131r.<\/p>","protected":false},"featured_media":17420,"template":"","meta":{"spay_email":""},"product_cat":[172],"product_tag":[],"item":[336],"acf":[],"_links":{"self":[{"href":"https:\/\/mgvpublications.com\/de\/wp-json\/wp\/v2\/product\/17419"}],"collection":[{"href":"https:\/\/mgvpublications.com\/de\/wp-json\/wp\/v2\/product"}],"about":[{"href":"https:\/\/mgvpublications.com\/de\/wp-json\/wp\/v2\/types\/product"}],"wp:featuredmedia":[{"embeddable":true,"href":"https:\/\/mgvpublications.com\/de\/wp-json\/wp\/v2\/media\/17420"}],"wp:attachment":[{"href":"https:\/\/mgvpublications.com\/de\/wp-json\/wp\/v2\/media?parent=17419"}],"wp:term":[{"taxonomy":"product_cat","embeddable":true,"href":"https:\/\/mgvpublications.com\/de\/wp-json\/wp\/v2\/product_cat?post=17419"},{"taxonomy":"product_tag","embeddable":true,"href":"https:\/\/mgvpublications.com\/de\/wp-json\/wp\/v2\/product_tag?post=17419"},{"taxonomy":"item","embeddable":true,"href":"https:\/\/mgvpublications.com\/de\/wp-json\/wp\/v2\/item?post=17419"}],"curies":[{"name":"wp","href":"https:\/\/api.w.org\/{rel}","templated":true}]}}