{"id":17272,"date":"2021-01-26T20:41:57","date_gmt":"2021-01-26T19:41:57","guid":{"rendered":"https:\/\/dev2.mgvpublications.com\/?post_type=product&#038;p=17272"},"modified":"2022-03-08T22:50:21","modified_gmt":"2022-03-08T21:50:21","slug":"caglar-bisiklet-surmeyi-ogreniyor-ilk-okuma-kitabim","status":"publish","type":"product","link":"https:\/\/mgvpublications.com\/de\/caglar-bisiklet-surmeyi-ogreniyor-ilk-okuma-kitabim\/","title":{"rendered":"\u00c7a\u011flar Bisiklet S\u00fcrmeyi \u00d6\u011freniyor \/ \u0130lk Okuma Kitab\u0131m"},"content":{"rendered":"<p>&nbsp;<\/p>\n<div class=\"attributes\">\n<table>\n<tbody>\n<tr>\n<td>\u00c7evirmen:<\/td>\n<td><a href=\"https:\/\/www.kitapyurdu.com\/yazar\/aylin-gergin\/26756.html\" target=\"_blank\" rel=\"noopener\">Aylin Gergin<\/a><\/td>\n<\/tr>\n<tr>\n<td>Yay\u0131n Tarihi:<\/td>\n<td>19.03.2019<\/td>\n<\/tr>\n<tr>\n<td>Orijinal Ad\u0131:<\/td>\n<td>Max lernt Rad fahren<\/td>\n<\/tr>\n<tr>\n<td>ISBN:<\/td>\n<td>9786052955581<\/td>\n<\/tr>\n<tr>\n<td>Dil:<\/td>\n<td>T\u00dcRK\u00c7E<\/td>\n<\/tr>\n<tr>\n<td>Sayfa Say\u0131s\u0131:<\/td>\n<td>24<\/td>\n<\/tr>\n<tr>\n<td>Cilt Tipi:<\/td>\n<td>Karton Kapak<\/td>\n<\/tr>\n<tr>\n<td>Ka\u011f\u0131t Cinsi:<\/td>\n<td>Ku\u015fe Ka\u011f\u0131t<\/td>\n<\/tr>\n<tr>\n<td>Boyut:<\/td>\n<td>22 x 22 cm<\/td>\n<\/tr>\n<\/tbody>\n<\/table>\n<\/div>","protected":false},"excerpt":{"rendered":"<div class=\"top-block\">\n<div class=\"pr_description\">\n<div id=\"description_text\"><span class=\"info__text\">\u00c7a\u011flar, art\u0131k kendisine k\u00fc\u00e7\u00fck gelen denge bisikletine binmekten s\u0131k\u0131lm\u0131\u015ft\u0131. Ger\u00e7ek bir bisiklet istiyordu. Annesiyle birlikte abisi F\u0131rat\u2019\u0131n eski bisikletini tamir ettiler.\u00a0 S\u0131ra \u00c7a\u011flar\u2019\u0131n bisiklet s\u00fcrmeyi \u00f6\u011frenmesine geldi.\u00a0 Bunun i\u00e7in \u00e7ok \u00e7al\u0131\u015fmas\u0131 gerekiyordu.<br \/>\n<\/span><\/div>\n<\/div>\n<\/div>\n<div class=\"bottom-block\">\n<div class=\"pr_attributes\"><\/div>\n<\/div>","protected":false},"featured_media":17274,"template":"","meta":{"spay_email":""},"product_cat":[172],"product_tag":[],"item":[336],"acf":[],"_links":{"self":[{"href":"https:\/\/mgvpublications.com\/de\/wp-json\/wp\/v2\/product\/17272"}],"collection":[{"href":"https:\/\/mgvpublications.com\/de\/wp-json\/wp\/v2\/product"}],"about":[{"href":"https:\/\/mgvpublications.com\/de\/wp-json\/wp\/v2\/types\/product"}],"wp:featuredmedia":[{"embeddable":true,"href":"https:\/\/mgvpublications.com\/de\/wp-json\/wp\/v2\/media\/17274"}],"wp:attachment":[{"href":"https:\/\/mgvpublications.com\/de\/wp-json\/wp\/v2\/media?parent=17272"}],"wp:term":[{"taxonomy":"product_cat","embeddable":true,"href":"https:\/\/mgvpublications.com\/de\/wp-json\/wp\/v2\/product_cat?post=17272"},{"taxonomy":"product_tag","embeddable":true,"href":"https:\/\/mgvpublications.com\/de\/wp-json\/wp\/v2\/product_tag?post=17272"},{"taxonomy":"item","embeddable":true,"href":"https:\/\/mgvpublications.com\/de\/wp-json\/wp\/v2\/item?post=17272"}],"curies":[{"name":"wp","href":"https:\/\/api.w.org\/{rel}","templated":true}]}}