{"id":17270,"date":"2021-01-26T20:36:11","date_gmt":"2021-01-26T19:36:11","guid":{"rendered":"https:\/\/dev2.mgvpublications.com\/?post_type=product&#038;p=17270"},"modified":"2022-03-08T22:50:21","modified_gmt":"2022-03-08T21:50:21","slug":"inci-yabancilarla-gitmez-ilk-okuma-kitabim","status":"publish","type":"product","link":"https:\/\/mgvpublications.com\/de\/inci-yabancilarla-gitmez-ilk-okuma-kitabim\/","title":{"rendered":"\u0130nci Yabanc\u0131larla Gitmez \/ \u0130lk Okuma Kitab\u0131m"},"content":{"rendered":"<table>\n<tbody>\n<tr>\n<td>\u00c7evirmen:<\/td>\n<td><a href=\"https:\/\/www.kitapyurdu.com\/yazar\/aylin-gergin\/26756.html\" target=\"_blank\" rel=\"noopener\">Aylin Gergin<\/a><\/td>\n<\/tr>\n<tr>\n<td>Yay\u0131n Tarihi:<\/td>\n<td>26.09.2019<\/td>\n<\/tr>\n<tr>\n<td>Orijinal Ad\u0131:<\/td>\n<td>Jule geht nicht mit Fremden mit<\/td>\n<\/tr>\n<tr>\n<td>ISBN:<\/td>\n<td>9786052950180<\/td>\n<\/tr>\n<tr>\n<td>Dil:<\/td>\n<td>T\u00dcRK\u00c7E<\/td>\n<\/tr>\n<tr>\n<td>Sayfa Say\u0131s\u0131:<\/td>\n<td>24<\/td>\n<\/tr>\n<tr>\n<td>Cilt Tipi:<\/td>\n<td>Karton Kapak<\/td>\n<\/tr>\n<tr>\n<td>Ka\u011f\u0131t Cinsi:<\/td>\n<td>Kitap Ka\u011f\u0131d\u0131<\/td>\n<\/tr>\n<tr>\n<td>Boyut:<\/td>\n<td>22 x 22 cm<\/p>\n<div class=\"top-block\">\n<div class=\"pr_description\">\n<div id=\"description_text\"><span class=\"info__text\">\u0130nci kum havuzunda yaln\u0131z ba\u015f\u0131na oynamaktan s\u0131k\u0131ld\u0131. O s\u0131rada bah\u00e7e kap\u0131s\u0131ndan \u00e7\u0131kan kom\u015funun kedisini takip etti. Hem de yaln\u0131z ba\u015f\u0131na d\u0131\u015far\u0131 \u00e7\u0131kmas\u0131 yasak oldu\u011fu halde! Ve birden kar\u015f\u0131s\u0131na bir adam \u00e7\u0131kt\u0131. Adam kendisiyle gelirse \u0130nci\u2019ye bir kedi yavrusu hediye edece\u011fini s\u00f6yledi. Ama \u0130nci bunu kabul etmedi.<br \/>\n\u00c7\u00fcnk\u00fc bildi\u011fi bir \u015fey vard\u0131: Yabanc\u0131larla asla bir yere gidilmez!<br \/>\n<\/span><\/div>\n<\/div>\n<\/div>\n<div class=\"bottom-block\">\n<div class=\"pr_attributes\"><\/div>\n<\/div>\n<\/td>\n<\/tr>\n<\/tbody>\n<\/table>","protected":false},"excerpt":{"rendered":"<div class=\"top-block\">\n<div class=\"pr_description\">\n<div id=\"description_text\"><span class=\"info__text\">\u0130nci kum havuzunda yaln\u0131z ba\u015f\u0131na oynamaktan s\u0131k\u0131ld\u0131. O s\u0131rada bah\u00e7e kap\u0131s\u0131ndan \u00e7\u0131kan kom\u015funun kedisini takip etti. Hem de yaln\u0131z ba\u015f\u0131na d\u0131\u015far\u0131 \u00e7\u0131kmas\u0131 yasak oldu\u011fu halde! Ve birden kar\u015f\u0131s\u0131na bir adam \u00e7\u0131kt\u0131. Adam kendisiyle gelirse \u0130nci\u2019ye bir kedi yavrusu hediye edece\u011fini s\u00f6yledi. Ama \u0130nci bunu kabul etmedi.<br \/>\n\u00c7\u00fcnk\u00fc bildi\u011fi bir \u015fey vard\u0131: Yabanc\u0131larla asla bir yere gidilmez!<br \/>\n<\/span><\/div>\n<\/div>\n<\/div>\n<div class=\"bottom-block\">\n<div class=\"pr_attributes\"><\/div>\n<\/div>","protected":false},"featured_media":17271,"template":"","meta":{"spay_email":""},"product_cat":[172],"product_tag":[],"item":[336],"acf":[],"_links":{"self":[{"href":"https:\/\/mgvpublications.com\/de\/wp-json\/wp\/v2\/product\/17270"}],"collection":[{"href":"https:\/\/mgvpublications.com\/de\/wp-json\/wp\/v2\/product"}],"about":[{"href":"https:\/\/mgvpublications.com\/de\/wp-json\/wp\/v2\/types\/product"}],"wp:featuredmedia":[{"embeddable":true,"href":"https:\/\/mgvpublications.com\/de\/wp-json\/wp\/v2\/media\/17271"}],"wp:attachment":[{"href":"https:\/\/mgvpublications.com\/de\/wp-json\/wp\/v2\/media?parent=17270"}],"wp:term":[{"taxonomy":"product_cat","embeddable":true,"href":"https:\/\/mgvpublications.com\/de\/wp-json\/wp\/v2\/product_cat?post=17270"},{"taxonomy":"product_tag","embeddable":true,"href":"https:\/\/mgvpublications.com\/de\/wp-json\/wp\/v2\/product_tag?post=17270"},{"taxonomy":"item","embeddable":true,"href":"https:\/\/mgvpublications.com\/de\/wp-json\/wp\/v2\/item?post=17270"}],"curies":[{"name":"wp","href":"https:\/\/api.w.org\/{rel}","templated":true}]}}