{"id":17267,"date":"2021-01-26T20:21:56","date_gmt":"2021-01-26T19:21:56","guid":{"rendered":"https:\/\/dev2.mgvpublications.com\/?post_type=product&#038;p=17267"},"modified":"2022-05-19T14:55:59","modified_gmt":"2022-05-19T12:55:59","slug":"caglar-tanimadigi-insanlarla-bir-yere-gitmez","status":"publish","type":"product","link":"https:\/\/mgvpublications.com\/de\/caglar-tanimadigi-insanlarla-bir-yere-gitmez\/","title":{"rendered":"\u00c7a\u011flar Tan\u0131mad\u0131\u011f\u0131 \u0130nsanlarla Bir Yere Gitmez"},"content":{"rendered":"<table>\n<tbody>\n<tr>\n<td>\u00c7evirmen:<\/td>\n<td><a href=\"https:\/\/www.kitapyurdu.com\/yazar\/necdet-neydim\/966.html\" target=\"_blank\" rel=\"noopener\">Necdet Neydim<\/a><\/td>\n<\/tr>\n<tr>\n<td>Yay\u0131n Tarihi:<\/td>\n<td>17.04.2019<\/td>\n<\/tr>\n<tr>\n<td>ISBN:<\/td>\n<td>9786053601180<\/td>\n<\/tr>\n<tr>\n<td>Dil:<\/td>\n<td>T\u00dcRK\u00c7E<\/td>\n<\/tr>\n<tr>\n<td>Sayfa Say\u0131s\u0131:<\/td>\n<td>24<\/td>\n<\/tr>\n<tr>\n<td>Cilt Tipi:<\/td>\n<td>Karton Kapak<\/td>\n<\/tr>\n<tr>\n<td>Ka\u011f\u0131t Cinsi:<\/td>\n<td>Ku\u015fe Ka\u011f\u0131t<\/td>\n<\/tr>\n<tr>\n<td>Boyut:<\/td>\n<td>22 x 22 cm<\/td>\n<\/tr>\n<\/tbody>\n<\/table>","protected":false},"excerpt":{"rendered":"<p>Annesi ile al\u0131\u015fveri\u015fe giden \u00e7a\u011flar, hemen s\u0131k\u0131l\u0131r ve arkada\u015flar\u0131yla parkta oynamaya gider. Bir s\u00fcre sonra ya\u011fmur ya\u011fmaya ba\u015flar ve herkesin annesi gelir. \u00c7a\u011flar\u0131n annesi ortal\u0131kta g\u00f6r\u00fcnmez. Sokaklar\u0131nda oturan bir adam, \u00c7a\u011flar\u2019a onu eve g\u00f6t\u00fcrebilece\u011fini s\u00f6yler. Ancak anne babas\u0131n\u0131n s\u00f6ylediklerini \u00e7ok dikkatli dinleyen \u00e7a\u011flar, tan\u0131mad\u0131\u011f\u0131 insanlarla bir yere gitmemesi gerekti\u011fini bilir.<\/p>","protected":false},"featured_media":17268,"template":"","meta":{"spay_email":""},"product_cat":[172],"product_tag":[],"item":[336],"acf":[],"_links":{"self":[{"href":"https:\/\/mgvpublications.com\/de\/wp-json\/wp\/v2\/product\/17267"}],"collection":[{"href":"https:\/\/mgvpublications.com\/de\/wp-json\/wp\/v2\/product"}],"about":[{"href":"https:\/\/mgvpublications.com\/de\/wp-json\/wp\/v2\/types\/product"}],"wp:featuredmedia":[{"embeddable":true,"href":"https:\/\/mgvpublications.com\/de\/wp-json\/wp\/v2\/media\/17268"}],"wp:attachment":[{"href":"https:\/\/mgvpublications.com\/de\/wp-json\/wp\/v2\/media?parent=17267"}],"wp:term":[{"taxonomy":"product_cat","embeddable":true,"href":"https:\/\/mgvpublications.com\/de\/wp-json\/wp\/v2\/product_cat?post=17267"},{"taxonomy":"product_tag","embeddable":true,"href":"https:\/\/mgvpublications.com\/de\/wp-json\/wp\/v2\/product_tag?post=17267"},{"taxonomy":"item","embeddable":true,"href":"https:\/\/mgvpublications.com\/de\/wp-json\/wp\/v2\/item?post=17267"}],"curies":[{"name":"wp","href":"https:\/\/api.w.org\/{rel}","templated":true}]}}