{"id":17264,"date":"2021-01-26T20:16:45","date_gmt":"2021-01-26T19:16:45","guid":{"rendered":"https:\/\/dev2.mgvpublications.com\/?post_type=product&#038;p=17264"},"modified":"2022-04-07T16:32:00","modified_gmt":"2022-04-07T14:32:00","slug":"hakikat-cagrisi-ey-ogul-eyyuhel-veled-ledunni-ilim-risalesi","status":"publish","type":"product","link":"https:\/\/mgvpublications.com\/de\/hakikat-cagrisi-ey-ogul-eyyuhel-veled-ledunni-ilim-risalesi\/","title":{"rendered":"Hakikat \u00c7a\u011fr\u0131s\u0131 Ey O\u011ful &#8211; Eyy\u00fche\u2019l-Veled -Led\u00fcnni \u0130lim Risalesi"},"content":{"rendered":"<p>\u00c7evirmen: As\u0131m C\u00fcneyd K\u00f6ksal<br \/>Yay\u0131n Tarihi: 01.04.2020<br \/>ISBN: 9786257014618<br \/>Dil: T\u00dcRK\u00c7E<br \/>Sayfa Say\u0131s\u0131: 72<br \/>Cilt Tipi: Karton Kapak<br \/>Ka\u011f\u0131t Cinsi: Kitap Ka\u011f\u0131d\u0131<br \/>Boyut: 13.5 x 21 cm<\/p>","protected":false},"excerpt":{"rendered":"<p>Elinizdeki eserde \u0130sl\u00e2m d\u00fc\u015f\u00fcncesi tarihinde bir d\u00f6n\u00fcm noktas\u0131 olan Gazz\u00e2l\u00ee\u2019nin iki metni bir arada yer al\u0131yor. Risalelerden ilki olan Ey O\u011ful \/ Eyy\u00fche\u2019l-Veled, Gazz\u00e2l\u00ee\u2019nin talebelerinden birisinin sordu\u011fu baz\u0131 sorulara cevap olarak kaleme al\u0131nm\u0131\u015ft\u0131r. Sorular\u0131 soran ki\u015fi, y\u0131llar boyunca \u00f6\u011frendi\u011fi ilimlerden hangilerinin kendisine ahirette faydal\u0131 olaca\u011f\u0131n\u0131 merak etmekte ve bununla ilgili meseleleri hocas\u0131n\u0131n k\u00fc\u00e7\u00fck bir risalede \u00f6zl\u00fc ve derli toplu bir bi\u00e7imde kaleme almas\u0131n\u0131 rica etmektedir. Bu metin, ahiret yolunda y\u00fcr\u00fcyen bir m\u00fc\u2019mine k\u0131lavuzluk etmek \u00fczere gerekli ilkeleri i\u00e7eren ve y\u00fczy\u0131llar boyunca \u00e7ok okunmu\u015f olan bir risaledir. \u0130kinci risale, tasavvuf ehlinin ke\u015fif ve ilham yoluyla elde ettikleri led\u00fcnn\u00ee ilmin imk\u00e2n\u0131n\u0131 ortaya koymak \u00fczere kaleme al\u0131nm\u0131\u015ft\u0131r. Dostlar\u0131ndan birisi led\u00fcnn\u00ee ilmi kabul etmeyen birinden bahseder, bu ki\u015fi ilimlerin ancak \u00e7al\u0131\u015f\u0131l\u0131p \u00f6\u011frenilerek elde edilece\u011fini savunmaktad\u0131r. Dostu, Gazz\u00e2l\u00ee\u2019den bu konuyu temellendiren bir metin yazmas\u0131n\u0131 rica eder. Gazz\u00e2l\u00ee de bu istek \u00fczerine bilgi teorisi ve psikolojiyle alakal\u0131 olan bu \u00f6nemli metni kaleme al\u0131r.<\/p>","protected":false},"featured_media":19631,"template":"","meta":{"spay_email":""},"product_cat":[174],"product_tag":[],"item":[392],"acf":[],"_links":{"self":[{"href":"https:\/\/mgvpublications.com\/de\/wp-json\/wp\/v2\/product\/17264"}],"collection":[{"href":"https:\/\/mgvpublications.com\/de\/wp-json\/wp\/v2\/product"}],"about":[{"href":"https:\/\/mgvpublications.com\/de\/wp-json\/wp\/v2\/types\/product"}],"wp:featuredmedia":[{"embeddable":true,"href":"https:\/\/mgvpublications.com\/de\/wp-json\/wp\/v2\/media\/19631"}],"wp:attachment":[{"href":"https:\/\/mgvpublications.com\/de\/wp-json\/wp\/v2\/media?parent=17264"}],"wp:term":[{"taxonomy":"product_cat","embeddable":true,"href":"https:\/\/mgvpublications.com\/de\/wp-json\/wp\/v2\/product_cat?post=17264"},{"taxonomy":"product_tag","embeddable":true,"href":"https:\/\/mgvpublications.com\/de\/wp-json\/wp\/v2\/product_tag?post=17264"},{"taxonomy":"item","embeddable":true,"href":"https:\/\/mgvpublications.com\/de\/wp-json\/wp\/v2\/item?post=17264"}],"curies":[{"name":"wp","href":"https:\/\/api.w.org\/{rel}","templated":true}]}}