{"id":17257,"date":"2021-01-26T19:55:04","date_gmt":"2021-01-26T18:55:04","guid":{"rendered":"https:\/\/dev2.mgvpublications.com\/?post_type=product&#038;p=17257"},"modified":"2022-03-08T22:50:19","modified_gmt":"2022-03-08T21:50:19","slug":"hz-amine","status":"publish","type":"product","link":"https:\/\/mgvpublications.com\/de\/hz-amine\/","title":{"rendered":"Hz. Amine"},"content":{"rendered":"<table>\n<tbody>\n<tr>\n<td>Yay\u0131n Tarihi:<\/td>\n<td>01.01.1993<\/td>\n<\/tr>\n<tr>\n<td>ISBN:<\/td>\n<td>9789757161196<\/td>\n<\/tr>\n<tr>\n<td>Dil:<\/td>\n<td>T\u00dcRK\u00c7E<\/td>\n<\/tr>\n<tr>\n<td>Sayfa Say\u0131s\u0131:<\/td>\n<td>248<\/td>\n<\/tr>\n<tr>\n<td>Cilt Tipi:<\/td>\n<td>Karton Kapak<\/td>\n<\/tr>\n<tr>\n<td>Ka\u011f\u0131t Cinsi:<\/td>\n<td>2. Hm. Ka\u011f\u0131t<\/td>\n<\/tr>\n<tr>\n<td>Boyut:<\/td>\n<td>13.5 x 19.5 cm<\/td>\n<\/tr>\n<\/tbody>\n<\/table>","protected":false},"excerpt":{"rendered":"<div class=\"top-block\">\n<div class=\"pr_description\">\n<div id=\"description_text\"><span class=\"info__text\">&#8230;Do\u011fum \u00e2n\u0131nda g\u00f6k y\u00fcz\u00fcn\u00fcn ye\u015fil kanatl\u0131 melekleriyle cennetin g\u00fczel h\u00fbrileri perv\u00e2neler gibi etraf\u0131nda d\u00f6n\u00fcp durmu\u015flard\u0131. G\u00f6kler \u00fclkesinin takv\u00e2 askerleri olan nur y\u00fczl\u00fc melekler onu tebrik etmede yar\u0131\u015f h\u00e2lindeydiler.<br \/>\nOnun g\u00f6zlerinden perdeler kald\u0131r\u0131lm\u0131\u015f, nice gayb \u00e2leminin s\u0131rlar\u0131 kendisine apa\u00e7\u0131k g\u00f6sterilmi\u015fti..<br \/>\nO, kuru kirpiklerinden \u00fcmit olup d\u00f6k\u00fclen \u015febnem damlas\u0131 gibi duru ve p\u00e2kt\u0131..<br \/>\n<\/span><\/div>\n<\/div>\n<\/div>\n<div class=\"bottom-block\">\n<div class=\"pr_attributes\"><\/div>\n<\/div>","protected":false},"featured_media":17258,"template":"","meta":{"spay_email":""},"product_cat":[174],"product_tag":[],"item":[404],"acf":[],"_links":{"self":[{"href":"https:\/\/mgvpublications.com\/de\/wp-json\/wp\/v2\/product\/17257"}],"collection":[{"href":"https:\/\/mgvpublications.com\/de\/wp-json\/wp\/v2\/product"}],"about":[{"href":"https:\/\/mgvpublications.com\/de\/wp-json\/wp\/v2\/types\/product"}],"wp:featuredmedia":[{"embeddable":true,"href":"https:\/\/mgvpublications.com\/de\/wp-json\/wp\/v2\/media\/17258"}],"wp:attachment":[{"href":"https:\/\/mgvpublications.com\/de\/wp-json\/wp\/v2\/media?parent=17257"}],"wp:term":[{"taxonomy":"product_cat","embeddable":true,"href":"https:\/\/mgvpublications.com\/de\/wp-json\/wp\/v2\/product_cat?post=17257"},{"taxonomy":"product_tag","embeddable":true,"href":"https:\/\/mgvpublications.com\/de\/wp-json\/wp\/v2\/product_tag?post=17257"},{"taxonomy":"item","embeddable":true,"href":"https:\/\/mgvpublications.com\/de\/wp-json\/wp\/v2\/item?post=17257"}],"curies":[{"name":"wp","href":"https:\/\/api.w.org\/{rel}","templated":true}]}}