{"id":17253,"date":"2021-01-26T19:48:36","date_gmt":"2021-01-26T18:48:36","guid":{"rendered":"https:\/\/dev2.mgvpublications.com\/?post_type=product&#038;p=17253"},"modified":"2022-03-08T22:50:18","modified_gmt":"2022-03-08T21:50:18","slug":"hazreti-osman-haya-ve-edep-incisi","status":"publish","type":"product","link":"https:\/\/mgvpublications.com\/de\/hazreti-osman-haya-ve-edep-incisi\/","title":{"rendered":"Hazreti Osman \/ Haya ve Edep \u0130ncisi"},"content":{"rendered":"<div class=\"attributes\">\n<table>\n<tbody>\n<tr>\n<td>Yay\u0131n Tarihi:<\/td>\n<td>21.11.2019<\/td>\n<\/tr>\n<tr>\n<td>ISBN:<\/td>\n<td>9789757161226<\/td>\n<\/tr>\n<tr>\n<td>Dil:<\/td>\n<td>T\u00dcRK\u00c7E<\/td>\n<\/tr>\n<tr>\n<td>Sayfa Say\u0131s\u0131:<\/td>\n<td>280<\/td>\n<\/tr>\n<tr>\n<td>Cilt Tipi:<\/td>\n<td>Karton Kapak<\/td>\n<\/tr>\n<tr>\n<td>Ka\u011f\u0131t Cinsi:<\/td>\n<td>2. Hm. Ka\u011f\u0131t<\/td>\n<\/tr>\n<tr>\n<td>Boyut:<\/td>\n<td>13.5 x 19.5 cm<\/td>\n<\/tr>\n<\/tbody>\n<\/table>\n<\/div>","protected":false},"excerpt":{"rendered":"<div class=\"top-block\">\n<div class=\"pr_description\">\n<div id=\"description_text\"><span class=\"info__text\">Allah&#8217;\u0131n Res\u00fbl\u00fc dediler ki:<br \/>\n&#8220;Karde\u015fim Osman&#8217;\u0131 kucaklad\u0131m. Kimin bir karde\u015fi varsa, onu kucaklas\u0131n&#8221;<br \/>\nVe yine dediler ki:<br \/>\n&#8220;-G\u00f6kte Melekler bile Osman&#8217;\u0131n hay\u00e2s\u0131na bakar da utan\u0131rlar!&#8221;<br \/>\nHilm, hay\u00e2, edep, yumu\u015fakl\u0131k ve ahl\u00e2k \u00e2bidesi.<br \/>\nG\u00f6n\u00fclleri tutu\u015fturacak, g\u00f6zleri a\u011flatacak, kalbleri rikkate getirecek bir kitap&#8230;<br \/>\nYay\u0131nevimiz b\u00f6yle bir eseri sunman\u0131n bahtiyarl\u0131\u011f\u0131 i\u00e7indedir.<br \/>\n<\/span><\/div>\n<\/div>\n<\/div>\n<div class=\"bottom-block\">\n<div class=\"pr_attributes\"><\/div>\n<\/div>","protected":false},"featured_media":17254,"template":"","meta":{"spay_email":""},"product_cat":[174],"product_tag":[],"item":[404],"acf":[],"_links":{"self":[{"href":"https:\/\/mgvpublications.com\/de\/wp-json\/wp\/v2\/product\/17253"}],"collection":[{"href":"https:\/\/mgvpublications.com\/de\/wp-json\/wp\/v2\/product"}],"about":[{"href":"https:\/\/mgvpublications.com\/de\/wp-json\/wp\/v2\/types\/product"}],"wp:featuredmedia":[{"embeddable":true,"href":"https:\/\/mgvpublications.com\/de\/wp-json\/wp\/v2\/media\/17254"}],"wp:attachment":[{"href":"https:\/\/mgvpublications.com\/de\/wp-json\/wp\/v2\/media?parent=17253"}],"wp:term":[{"taxonomy":"product_cat","embeddable":true,"href":"https:\/\/mgvpublications.com\/de\/wp-json\/wp\/v2\/product_cat?post=17253"},{"taxonomy":"product_tag","embeddable":true,"href":"https:\/\/mgvpublications.com\/de\/wp-json\/wp\/v2\/product_tag?post=17253"},{"taxonomy":"item","embeddable":true,"href":"https:\/\/mgvpublications.com\/de\/wp-json\/wp\/v2\/item?post=17253"}],"curies":[{"name":"wp","href":"https:\/\/api.w.org\/{rel}","templated":true}]}}