{"id":17248,"date":"2021-01-26T19:41:46","date_gmt":"2021-01-26T18:41:46","guid":{"rendered":"https:\/\/dev2.mgvpublications.com\/?post_type=product&#038;p=17248"},"modified":"2022-03-08T22:50:18","modified_gmt":"2022-03-08T21:50:18","slug":"hz-fatimai-zehra-ehli-beyt-cennet-kadinlarinin-hanimefendisi-ve-insanlik-hurisi","status":"publish","type":"product","link":"https:\/\/mgvpublications.com\/de\/hz-fatimai-zehra-ehli-beyt-cennet-kadinlarinin-hanimefendisi-ve-insanlik-hurisi\/","title":{"rendered":"Hz. Fat\u0131mai Zehra Ehli Beyt Cennet Kad\u0131nlar\u0131n\u0131n Han\u0131mefendisi ve \u0130nsanl\u0131k Hurisi"},"content":{"rendered":"<table>\n<tbody>\n<tr>\n<td>Yay\u0131n Tarihi:<\/td>\n<td>19.01.2021<\/td>\n<\/tr>\n<tr>\n<td>ISBN:<\/td>\n<td>9789757161172<\/td>\n<\/tr>\n<tr>\n<td>Dil:<\/td>\n<td>T\u00dcRK\u00c7E<\/td>\n<\/tr>\n<tr>\n<td>Sayfa Say\u0131s\u0131:<\/td>\n<td>215<\/td>\n<\/tr>\n<tr>\n<td>Cilt Tipi:<\/td>\n<td>Karton Kapak<\/td>\n<\/tr>\n<tr>\n<td>Ka\u011f\u0131t Cinsi:<\/td>\n<td>2. Hm. Ka\u011f\u0131t<\/td>\n<\/tr>\n<tr>\n<td>Boyut:<\/td>\n<td>13.5 x 19.5 cm<\/td>\n<\/tr>\n<\/tbody>\n<\/table>","protected":false},"excerpt":{"rendered":"<div class=\"top-block\">\n<div class=\"pr_description\">\n<div id=\"description_text\"><span class=\"info__text\">Bu kitap, d\u00fcnya ve Cennet kad\u0131nlar\u0131n\u0131n en \u00fcst\u00fcn\u00fcne ait Fat\u0131ma-i Zehra (r.a)&#8217;n\u0131n hayat\u0131ndan p\u0131r\u0131lt\u0131lar sunmaktad\u0131r.<br \/>\nO Fat\u0131ma ki, Cennet ufkundan, cihan topra\u011f\u0131na d\u00fc\u015fen bir inciydi.<br \/>\nO Fat\u0131ma ki, Allah Resul\u00fcn\u00fcn g\u00f6z\u00fcn\u00fcn nuru ve sevinciydi.<br \/>\nO Fat\u0131ma ki, Nebiler Nebisinin m\u00fcbarek v\u00fbcudundan bir par\u00e7ayd\u0131.<br \/>\nO Fat\u0131ma ki, ay y\u00fczl\u00fc kara g\u00f6zl\u00fc bir melekti&#8230;<br \/>\nO Fat\u0131ma ki, bir eliyle de\u011firmen d\u00f6nd\u00fcr\u00fcr, bir eliyle \u00e7ocu\u011funa bakar, diliylede durmadan Kur&#8217;an okurdu.<br \/>\n<\/span><\/div>\n<\/div>\n<\/div>\n<div class=\"bottom-block\">\n<div class=\"pr_attributes\"><\/div>\n<\/div>","protected":false},"featured_media":17249,"template":"","meta":{"spay_email":""},"product_cat":[174],"product_tag":[],"item":[404],"acf":[],"_links":{"self":[{"href":"https:\/\/mgvpublications.com\/de\/wp-json\/wp\/v2\/product\/17248"}],"collection":[{"href":"https:\/\/mgvpublications.com\/de\/wp-json\/wp\/v2\/product"}],"about":[{"href":"https:\/\/mgvpublications.com\/de\/wp-json\/wp\/v2\/types\/product"}],"wp:featuredmedia":[{"embeddable":true,"href":"https:\/\/mgvpublications.com\/de\/wp-json\/wp\/v2\/media\/17249"}],"wp:attachment":[{"href":"https:\/\/mgvpublications.com\/de\/wp-json\/wp\/v2\/media?parent=17248"}],"wp:term":[{"taxonomy":"product_cat","embeddable":true,"href":"https:\/\/mgvpublications.com\/de\/wp-json\/wp\/v2\/product_cat?post=17248"},{"taxonomy":"product_tag","embeddable":true,"href":"https:\/\/mgvpublications.com\/de\/wp-json\/wp\/v2\/product_tag?post=17248"},{"taxonomy":"item","embeddable":true,"href":"https:\/\/mgvpublications.com\/de\/wp-json\/wp\/v2\/item?post=17248"}],"curies":[{"name":"wp","href":"https:\/\/api.w.org\/{rel}","templated":true}]}}