{"id":17244,"date":"2021-01-26T19:31:43","date_gmt":"2021-01-26T18:31:43","guid":{"rendered":"https:\/\/dev2.mgvpublications.com\/?post_type=product&#038;p=17244"},"modified":"2022-03-08T22:50:18","modified_gmt":"2022-03-08T21:50:18","slug":"hz-ali-allahin-arslani-ve-evliyalar-sultani","status":"publish","type":"product","link":"https:\/\/mgvpublications.com\/de\/hz-ali-allahin-arslani-ve-evliyalar-sultani\/","title":{"rendered":"Hz. Ali &#038; Allah&#8217;\u0131n Arslan\u0131 ve Evliyalar Sultan\u0131"},"content":{"rendered":"<table>\n<tbody>\n<tr>\n<td>Yay\u0131n Tarihi:<\/td>\n<td>01.10.2019<\/td>\n<\/tr>\n<tr>\n<td>ISBN:<\/td>\n<td>9789757161219<\/td>\n<\/tr>\n<tr>\n<td>Dil:<\/td>\n<td>T\u00dcRK\u00c7E<\/td>\n<\/tr>\n<tr>\n<td>Sayfa Say\u0131s\u0131:<\/td>\n<td>320<\/td>\n<\/tr>\n<tr>\n<td>Cilt Tipi:<\/td>\n<td>Karton Kapak<\/td>\n<\/tr>\n<tr>\n<td>Ka\u011f\u0131t Cinsi:<\/td>\n<td>2. Hm. Ka\u011f\u0131t<\/td>\n<\/tr>\n<tr>\n<td>Boyut:<\/td>\n<td>13.5 x 19.5 cm<\/td>\n<\/tr>\n<\/tbody>\n<\/table>","protected":false},"excerpt":{"rendered":"<p>Bu kitap, cihan\u0131n en b\u00fcy\u00fck kahraman\u0131, \u0130slam&#8217;\u0131n b\u00fcy\u00fck m\u00fccahidi, Allah\u0131n yenilmez Aslan\u0131 ve Evliyalar Sultan\u0131 Hazret-i Ali (K.V.) nin hayat\u0131ndan p\u0131r\u0131lt\u0131lar sunmaktad\u0131r.<br \/>\nO Ali ki (R.A.) d\u00fcnyaya g\u00f6z\u00fcn\u00fc a\u00e7t\u0131\u011f\u0131ndan itibaren Allah Res\u00fbl\u00fcn\u00fcn sevgisine mazhar oldu ve bir \u00f6m\u00fcr boyu, O mukaddes N\u00fbru nefes nefes i\u00e7ine \u00e7ekti ve O&#8217;nun irfan p\u0131nar\u0131ndan ilim ve hikmet suyu i\u00e7ti de Cennetler bile ona m\u00fc\u015ftak oldu.<br \/>\nFazla s\u00f6ze ne h\u00e2cet!<br \/>\nOku! D\u00fc\u015f\u00fcn, hem iyice d\u00fc\u015f\u00fcn!.. Ve bil ki: O Nebiyyi \u00c2hirzaman nazar\u0131 da\u011fa de\u011fse da\u011f bile \u015fevkinden harekete geliyordu&#8230;<br \/>\n\u0130\u015fte \u015fevk, heyecan, a\u015fk ve iman t\u00fcten bir insan\u0131n hayat\u0131.<br \/>\nYay\u0131nevimiz , bu eseri M\u00fcsl\u00fcmanlar\u0131n istifadesine sunmakla iftihar duymaktad\u0131r.<\/p>","protected":false},"featured_media":17245,"template":"","meta":{"spay_email":""},"product_cat":[174],"product_tag":[],"item":[404],"acf":[],"_links":{"self":[{"href":"https:\/\/mgvpublications.com\/de\/wp-json\/wp\/v2\/product\/17244"}],"collection":[{"href":"https:\/\/mgvpublications.com\/de\/wp-json\/wp\/v2\/product"}],"about":[{"href":"https:\/\/mgvpublications.com\/de\/wp-json\/wp\/v2\/types\/product"}],"wp:featuredmedia":[{"embeddable":true,"href":"https:\/\/mgvpublications.com\/de\/wp-json\/wp\/v2\/media\/17245"}],"wp:attachment":[{"href":"https:\/\/mgvpublications.com\/de\/wp-json\/wp\/v2\/media?parent=17244"}],"wp:term":[{"taxonomy":"product_cat","embeddable":true,"href":"https:\/\/mgvpublications.com\/de\/wp-json\/wp\/v2\/product_cat?post=17244"},{"taxonomy":"product_tag","embeddable":true,"href":"https:\/\/mgvpublications.com\/de\/wp-json\/wp\/v2\/product_tag?post=17244"},{"taxonomy":"item","embeddable":true,"href":"https:\/\/mgvpublications.com\/de\/wp-json\/wp\/v2\/item?post=17244"}],"curies":[{"name":"wp","href":"https:\/\/api.w.org\/{rel}","templated":true}]}}