{"id":17218,"date":"2021-01-26T17:20:09","date_gmt":"2021-01-26T16:20:09","guid":{"rendered":"https:\/\/dev2.mgvpublications.com\/?post_type=product&#038;p=17218"},"modified":"2022-04-08T06:24:26","modified_gmt":"2022-04-08T04:24:26","slug":"barbaros-hayreddin-pasa-akdenizi-turk-golu-yapan-amiral","status":"publish","type":"product","link":"https:\/\/mgvpublications.com\/de\/barbaros-hayreddin-pasa-akdenizi-turk-golu-yapan-amiral\/","title":{"rendered":"Barbaros Hayreddin Pa\u015fa Akdeniz\u2019i T\u00fcrk G\u00f6l\u00fc Yapan Amiral"},"content":{"rendered":"<p>Yay\u0131n Tarihi: 08.01.2021<br \/>ISBN: 9786050835366<br \/>Dil: T\u00dcRK\u00c7E<br \/>Sayfa Say\u0131s\u0131: 240<br \/>Cilt Tipi: Karton Kapak<br \/>Ka\u011f\u0131t Cinsi: Kitap Ka\u011f\u0131d\u0131<br \/>Boyut: 13.5 x 21 cm<\/p>","protected":false},"excerpt":{"rendered":"<p>Barbaros Hayreddin H\u0131z\u0131r Reis, Cezayir\u2019in sultan\u0131 idi. Kanuni Sultan S\u00fcleyman\u2019\u0131n bir i\u015fareti \u00fczerine sultanl\u0131\u011f\u0131n tapusunu padi\u015fah\u0131n \u00f6n\u00fcne koydu. Birlik ve beraberli\u011fin sembol ismi oldu. Osmanl\u0131 armadas\u0131n\u0131n ba\u015f\u0131nda Akdeniz\u2019e a\u00e7\u0131lan Barbaros Hayreddin Pa\u015fa, 1538\u2019te Avrupal\u0131 devletlerin bir araya getirdi\u011fi en b\u00fcy\u00fck Ha\u00e7l\u0131 donanmas\u0131n\u0131 Preveze\u2019de a\u011f\u0131r bir hezimete u\u011fratt\u0131. Akdeniz, bir T\u00fcrk g\u00f6l\u00fcne d\u00f6n\u00fc\u015f\u00fcrken, Avrupal\u0131lar Akdeniz\u2019de tahta par\u00e7as\u0131 y\u00fczd\u00fcremez h\u00e2le geldiler. Prof. Dr. Ahmet \u015eim\u015firgil, T\u00fcrk denizcilik tarihinin bu en \u00f6nemli simas\u0131n\u0131n neslini, a\u011fabeyi Oru\u00e7 ve m\u00fccahid yolda\u015flar\u0131yla hem korsan gemilerine hem \u0130spanyollara kar\u015f\u0131 verdi\u011fi ak\u0131l almaz m\u00fccadeleyi, Cezayir\u2019e h\u00e2kim olarak idare ve siyaset alan\u0131nda g\u00f6sterdi\u011fi ba\u015far\u0131y\u0131, End\u00fcl\u00fcs M\u00fcsl\u00fcmanlar\u0131 i\u00e7in \u00e7ekti\u011fi \u00e7ileleri, \u0130spanyollar\u0131n Ma\u011frip\u2019te yerle\u015fmelerinin \u00f6n\u00fcn\u00fc kesen efsanevi kahramanl\u0131\u011f\u0131n\u0131 ve nihayet Osmanl\u0131 kaptan-\u0131 deryas\u0131 olduktan sonraki ser\u00fcvenini kitapta \u00e7arp\u0131c\u0131 detaylar\u0131yla anlat\u0131yor. Tarihi Sevdiren Adam, bu eseriyle T\u00fcrk denizcili\u011finin y\u00fcz ak\u0131 olan Barbaros Hayreddin Pa\u015fa\u2019n\u0131n destans\u0131 hayat\u0131n\u0131 okuyucular\u0131n g\u00f6zleri \u00f6n\u00fcne seriyor.<\/p>","protected":false},"featured_media":23259,"template":"","meta":{"spay_email":""},"product_cat":[1588],"product_tag":[],"item":[360],"acf":[],"_links":{"self":[{"href":"https:\/\/mgvpublications.com\/de\/wp-json\/wp\/v2\/product\/17218"}],"collection":[{"href":"https:\/\/mgvpublications.com\/de\/wp-json\/wp\/v2\/product"}],"about":[{"href":"https:\/\/mgvpublications.com\/de\/wp-json\/wp\/v2\/types\/product"}],"wp:featuredmedia":[{"embeddable":true,"href":"https:\/\/mgvpublications.com\/de\/wp-json\/wp\/v2\/media\/23259"}],"wp:attachment":[{"href":"https:\/\/mgvpublications.com\/de\/wp-json\/wp\/v2\/media?parent=17218"}],"wp:term":[{"taxonomy":"product_cat","embeddable":true,"href":"https:\/\/mgvpublications.com\/de\/wp-json\/wp\/v2\/product_cat?post=17218"},{"taxonomy":"product_tag","embeddable":true,"href":"https:\/\/mgvpublications.com\/de\/wp-json\/wp\/v2\/product_tag?post=17218"},{"taxonomy":"item","embeddable":true,"href":"https:\/\/mgvpublications.com\/de\/wp-json\/wp\/v2\/item?post=17218"}],"curies":[{"name":"wp","href":"https:\/\/api.w.org\/{rel}","templated":true}]}}