{"id":17216,"date":"2021-01-26T01:44:25","date_gmt":"2021-01-26T00:44:25","guid":{"rendered":"https:\/\/dev2.mgvpublications.com\/?post_type=product&#038;p=17216"},"modified":"2022-04-25T12:42:32","modified_gmt":"2022-04-25T10:42:32","slug":"brezilyada-ilk-muslumanlar-brezilya-seyahatnamesi","status":"publish","type":"product","link":"https:\/\/mgvpublications.com\/de\/brezilyada-ilk-muslumanlar-brezilya-seyahatnamesi\/","title":{"rendered":"Brezilya&#8217;da \u0130lk M\u00fcsl\u00fcmanlar Brezilya Seyahatnamesi"},"content":{"rendered":"<p>\u00c7evirmen: Antepli Mehmed \u015eerif<br \/>Yay\u0131n Tarihi: 26.04.2018<br \/>ISBN: 9789756403761<br \/>Bask\u0131 Say\u0131s\u0131: N. Ahmet \u00d6zalp<br \/>Dil: T\u00dcRK\u00c7E<br \/>Sayfa Say\u0131s\u0131: 72<br \/>Cilt Tipi: Karton Kapak<br \/>Ka\u011f\u0131t Cinsi: Kitap Ka\u011f\u0131d\u0131<br \/>Boyut: 13.5 x 21 cm<br \/>Derleyici: N. Ahmet \u00d6zalp<\/p>","protected":false},"excerpt":{"rendered":"<p>Brezilya Sehatnamesi, Osmanl\u0131&#8217;n\u0131n o g\u00fcne kadar varl\u0131\u011f\u0131ndan haberdar olmad\u0131\u011f\u0131 bir d\u00fcnya ke\u015ffinin ve bu d\u00fcnyay\u0131 yeniden bi\u00e7imlendirme \u00e7abalar\u0131n\u0131n hikayesidir. Hikaye, tam y\u00fcz k\u0131rk y\u0131l \u00f6nce Osmanl\u0131&#8217;n\u0131n iki sava\u015f gemisinin Basra K\u00f6rfezi&#8217;ne giderken f\u0131rt\u0131naya yakalanarak Amerika k\u0131t&#8217;as\u0131na, Brezilya sahillerine s\u00fcr\u00fcklenmesiyle ba\u015flar. Hikayenin kahraman\u0131 Ba\u011fdatl\u0131 Abdurrahman Efendi, bu gemilerden birinin imam\u0131d\u0131r. Brezilya Seyahatnamesi k\u00fc\u00e7\u00fckl\u00fc\u011f\u00fcne kar\u015f\u0131n, varl\u0131\u011f\u0131 g\u00fcn\u00fcm\u00fczde bile resmen kabul edilmeyen Brezilya M\u00fcsl\u00fcman toplumunun tarihsel ser\u00fcveninin bir d\u00f6nemine \u0131\u015f\u0131k tutmas\u0131 nedeniyle ilgin\u00e7 bir eserdir. Ayr\u0131c\u0131, bu ger\u00e7e\u011fin neredeyse tek yaz\u0131l\u0131 belgesi niteli\u011fini ta\u015f\u0131mas\u0131 da o \u00f6l\u00e7\u00fcde \u00f6nemlidir.<\/p>","protected":false},"featured_media":21365,"template":"","meta":{"spay_email":""},"product_cat":[170],"product_tag":[],"item":[1423],"acf":[],"_links":{"self":[{"href":"https:\/\/mgvpublications.com\/de\/wp-json\/wp\/v2\/product\/17216"}],"collection":[{"href":"https:\/\/mgvpublications.com\/de\/wp-json\/wp\/v2\/product"}],"about":[{"href":"https:\/\/mgvpublications.com\/de\/wp-json\/wp\/v2\/types\/product"}],"wp:featuredmedia":[{"embeddable":true,"href":"https:\/\/mgvpublications.com\/de\/wp-json\/wp\/v2\/media\/21365"}],"wp:attachment":[{"href":"https:\/\/mgvpublications.com\/de\/wp-json\/wp\/v2\/media?parent=17216"}],"wp:term":[{"taxonomy":"product_cat","embeddable":true,"href":"https:\/\/mgvpublications.com\/de\/wp-json\/wp\/v2\/product_cat?post=17216"},{"taxonomy":"product_tag","embeddable":true,"href":"https:\/\/mgvpublications.com\/de\/wp-json\/wp\/v2\/product_tag?post=17216"},{"taxonomy":"item","embeddable":true,"href":"https:\/\/mgvpublications.com\/de\/wp-json\/wp\/v2\/item?post=17216"}],"curies":[{"name":"wp","href":"https:\/\/api.w.org\/{rel}","templated":true}]}}