{"id":17214,"date":"2021-01-26T01:40:13","date_gmt":"2021-01-26T00:40:13","guid":{"rendered":"https:\/\/dev2.mgvpublications.com\/?post_type=product&#038;p=17214"},"modified":"2022-03-08T22:50:13","modified_gmt":"2022-03-08T21:50:13","slug":"50-bilim-insaniyla-bilimin-kisa-tarihi","status":"publish","type":"product","link":"https:\/\/mgvpublications.com\/de\/50-bilim-insaniyla-bilimin-kisa-tarihi\/","title":{"rendered":"50 Bilim \u0130nsan\u0131yla Bilimin K\u0131sa Tarihi"},"content":{"rendered":"<p>\u00c7evirmen: Sima \u00d6zkan<br \/>Yay\u0131n Tarihi: 30.11.2020<br \/>Orijinal Ad\u0131: Science: 50 Ideas in 500 Words<br \/>ISBN: 9786050674071<br \/>Dil: T\u00dcRK\u00c7E<br \/>Cilt Tipi: Karton Kapak<br \/>Ka\u011f\u0131t Cinsi: 1. Hm. Ka\u011f\u0131t<br \/>Boyut: 13.5 x 21 cm<\/p>","protected":false},"excerpt":{"rendered":"<p>\u201cE\u011fer daha uza\u011f\u0131 g\u00f6rebiliyorsam bu, benden \u00f6nceki devlerin omuzlar\u0131nda durdu\u011fum i\u00e7indir.\u201d Isaac Newton Bu kitapta astronomiden fizi\u011fe, kimyadan mikrobiyolojiye, iki bin y\u0131l\u0131 a\u015fan bilim tarihimzdeki elli bilimsel ara\u015ft\u0131rman\u0131n her biri en dikkat \u00e7ekici yanlar\u0131yla a\u00e7\u0131klan\u0131yor. \u00d6nc\u00fclerden en \u00e7a\u011fda\u015f bilim insanlar\u0131na kadar, d\u00fcnyan\u0131n en b\u00fcy\u00fck dahilerinin ba\u015far\u0131lar\u0131n\u0131 okumaya haz\u0131r m\u0131s\u0131n\u0131z? Darwin, Einstein Curie ve Hawking yeniden ya\u015fam buluyor.<\/p>","protected":false},"featured_media":21847,"template":"","meta":{"spay_email":""},"product_cat":[1588],"product_tag":[],"item":[1133],"acf":[],"_links":{"self":[{"href":"https:\/\/mgvpublications.com\/de\/wp-json\/wp\/v2\/product\/17214"}],"collection":[{"href":"https:\/\/mgvpublications.com\/de\/wp-json\/wp\/v2\/product"}],"about":[{"href":"https:\/\/mgvpublications.com\/de\/wp-json\/wp\/v2\/types\/product"}],"wp:featuredmedia":[{"embeddable":true,"href":"https:\/\/mgvpublications.com\/de\/wp-json\/wp\/v2\/media\/21847"}],"wp:attachment":[{"href":"https:\/\/mgvpublications.com\/de\/wp-json\/wp\/v2\/media?parent=17214"}],"wp:term":[{"taxonomy":"product_cat","embeddable":true,"href":"https:\/\/mgvpublications.com\/de\/wp-json\/wp\/v2\/product_cat?post=17214"},{"taxonomy":"product_tag","embeddable":true,"href":"https:\/\/mgvpublications.com\/de\/wp-json\/wp\/v2\/product_tag?post=17214"},{"taxonomy":"item","embeddable":true,"href":"https:\/\/mgvpublications.com\/de\/wp-json\/wp\/v2\/item?post=17214"}],"curies":[{"name":"wp","href":"https:\/\/api.w.org\/{rel}","templated":true}]}}