{"id":17210,"date":"2021-01-26T01:36:22","date_gmt":"2021-01-26T00:36:22","guid":{"rendered":"https:\/\/dev2.mgvpublications.com\/?post_type=product&#038;p=17210"},"modified":"2022-04-08T06:24:27","modified_gmt":"2022-04-08T04:24:27","slug":"yanik-bugdaylar","status":"publish","type":"product","link":"https:\/\/mgvpublications.com\/de\/yanik-bugdaylar\/","title":{"rendered":"Yan\u0131k Bu\u011fdaylar"},"content":{"rendered":"<p>Yay\u0131n Tarihi: 21.02.2022<br \/>ISBN: 9789757544111<br \/>Dil: T\u00dcRK\u00c7E<br \/>Sayfa Say\u0131s\u0131: 384<br \/>Cilt Tipi: Karton Kapak<br \/>Ka\u011f\u0131t Cinsi: 3. Hm. Ka\u011f\u0131t<br \/>Boyut: 13.5 x 21 cm<\/p>","protected":false},"excerpt":{"rendered":"<p>Her \u015fey bir depremle ba\u015flad\u0131. \u015eiddetli bir yer sars\u0131nt\u0131s\u0131n\u0131n sebep oldu\u011fu bir felaket\u2026 Ve felaketten pay alanlarla \u00e7\u0131kar sa\u011flayanlar. Anadolu insan\u0131n\u0131n ger\u00e7ekleri yetmi\u015f y\u0131ll\u0131k tarihimizin sembolleriyle ifade edilen bir minyat\u00fcr\u00fc&#8230; M.E.B. taraf\u0131ndan tavsiye edilmi\u015ftir.<\/p>","protected":false},"featured_media":23260,"template":"","meta":{"spay_email":""},"product_cat":[168],"product_tag":[],"item":[360],"acf":[],"_links":{"self":[{"href":"https:\/\/mgvpublications.com\/de\/wp-json\/wp\/v2\/product\/17210"}],"collection":[{"href":"https:\/\/mgvpublications.com\/de\/wp-json\/wp\/v2\/product"}],"about":[{"href":"https:\/\/mgvpublications.com\/de\/wp-json\/wp\/v2\/types\/product"}],"wp:featuredmedia":[{"embeddable":true,"href":"https:\/\/mgvpublications.com\/de\/wp-json\/wp\/v2\/media\/23260"}],"wp:attachment":[{"href":"https:\/\/mgvpublications.com\/de\/wp-json\/wp\/v2\/media?parent=17210"}],"wp:term":[{"taxonomy":"product_cat","embeddable":true,"href":"https:\/\/mgvpublications.com\/de\/wp-json\/wp\/v2\/product_cat?post=17210"},{"taxonomy":"product_tag","embeddable":true,"href":"https:\/\/mgvpublications.com\/de\/wp-json\/wp\/v2\/product_tag?post=17210"},{"taxonomy":"item","embeddable":true,"href":"https:\/\/mgvpublications.com\/de\/wp-json\/wp\/v2\/item?post=17210"}],"curies":[{"name":"wp","href":"https:\/\/api.w.org\/{rel}","templated":true}]}}