{"id":17208,"date":"2021-01-26T01:34:20","date_gmt":"2021-01-26T00:34:20","guid":{"rendered":"https:\/\/dev2.mgvpublications.com\/?post_type=product&#038;p=17208"},"modified":"2022-03-08T22:50:11","modified_gmt":"2022-03-08T21:50:11","slug":"mucize","status":"publish","type":"product","link":"https:\/\/mgvpublications.com\/de\/mucize\/","title":{"rendered":"Mucize"},"content":{"rendered":"<div>\u00c7evirmen: Berna Sirman<\/div>\n<div>Yay\u0131n Tarihi: 31.10.2017<\/div>\n<div>Orijinal Ad\u0131: Wonder<\/div>\n<div>ISBN: 9786053437451<\/div>\n<div>Dil: T\u00dcRK\u00c7E<\/div>\n<div>Sayfa Say\u0131s\u0131: 336<\/div>\n<div>Cilt Tipi: Ciltli<\/div>\n<div>Ka\u011f\u0131t Cinsi: Kitap Ka\u011f\u0131d\u0131<\/div>\n<div>Boyut: 13.5 x 21 cm<\/div>","protected":false},"excerpt":{"rendered":"<p>Kaderinde S\u0131rad\u0131\u015f\u0131 Olmak Varsa S\u0131radan Kalamazs\u0131n\u2026<br \/>\nMerhaba, ad\u0131m August. Size nas\u0131l g\u00f6r\u00fcnd\u00fc\u011f\u00fcm\u00fc anlatmayaca\u011f\u0131m.<br \/>\nAkl\u0131n\u0131za ne geliyorsa muhtemelen ondan daha k\u00f6t\u00fc g\u00f6r\u00fcn\u00fcyorumdur.<br \/>\nAugust (Auggie) Pullman y\u00fcz\u00fcnde fiziksel bir bozuklukla do\u011fdu\u011fu i\u00e7in, normal bir okula gidemiyordu\u2026 \u015fimdiye kadar. Yak\u0131nda Beecher Ortaokulu\u2019nda be\u015finci s\u0131n\u0131fa ba\u015flayacak ve \u00f6mr\u00fcn\u00fczde bir kere bile \u201cyeni \u00e7ocuk\u201d olduysan\u0131z, bunun ne kadar zorlu oldu\u011funu tahmin edebilirsiniz. Dondurma yemek ve Xbox\u2019\u0131nda oyun oynamak gibi s\u0131radan \u015feyleri seven Auggie asl\u0131nda sadece s\u0131rad\u0131\u015f\u0131 y\u00fcz\u00fc olan, s\u0131radan bir \u00e7ocuk. Peki, yeni s\u0131n\u0131f arka\u00acda\u015flar\u0131n\u0131, g\u00f6r\u00fcn\u00fc\u015f\u00fcn\u00fcn ard\u0131nda kendisinin de onlar gibi oldu\u011funa ikna edebilecek mi?<br \/>\n\u201cMucize asl\u0131nda\u2026 tam bir mucize. Kendinize bir iyilik yap\u0131n ve bu kitab\u0131 okuyun; hayat\u0131n\u0131z\u0131 iyile\u015ftirecek.\u201d<br \/>\nNicholas Sparks, New York Times \u00e7oksatan yazar\u0131<\/p>\n<p># 1 New York Times \u00e7oksatan\u0131<br \/>\nUSA Today \u00c7oksatan \u0130lk Y\u00fcz Listesi<br \/>\nIndie \u00e7oksatan\u0131<br \/>\nPublishers Weekly \u00e7oksatan\u0131<br \/>\nTIME, T\u00fcm Zamanlar\u0131n En \u0130yi 100 Gen\u00e7lik Kitab\u0131<br \/>\nParents, Y\u0131l\u0131n En \u0130yi 10 Kitab\u0131<br \/>\nShelf Awareness, En \u0130yi 10 Kitap<br \/>\nNew York Times Book Review, Dikkate De\u011fer Kitap<br \/>\nEntertainment Weekly, 10 Harika \u00c7ocuk Kitab\u0131 Se\u00e7kisi<br \/>\nPublishers Weekly, Y\u0131l\u0131n En \u0130yi Kitab\u0131<br \/>\nSchool Library Journal, Y\u0131l\u0131n En \u0130yi Kitab\u0131<br \/>\nKirkus Reviews, Y\u0131l\u0131n En \u0130yi Kitab\u0131<br \/>\nBooklist, Edit\u00f6r\u00fcn Se\u00e7imi<br \/>\nSchool Library Journal, 2012\u2019nin En \u0130yi \u00c7ocuk Kitaplar\u0131 Listesi<br \/>\nPublishers Weekly, 2012\u2019nin En \u0130yi \u00c7ocuk Kitaplar\u0131 Listesi<br \/>\nKirkus Reviews, 2012\u2019nin En \u0130yi \u00c7ocuk Kitaplar\u0131 Listesi<br \/>\nBooklist, 2012\u2019nin En \u0130yi \u00c7ocuk Kitaplar\u0131 Listesi<br \/>\nNew York Halk K\u00fct\u00fcphanesi, Okuyup Payla\u015fma Se\u00e7kisi<br \/>\nE.B. White Read Aloud \u00d6d\u00fcl\u00fc<br \/>\nChristopher \u00d6d\u00fcl\u00fc<\/p>\n<p>\u201cCesaret ve ger\u00e7eklerle dolu Mucize, etraf\u0131m\u0131z\u0131 saran g\u00fczellikleri fark etmeyi anlat\u0131yor. Auggie Pullman\u2019a \u00e2\u015f\u0131k olmamak imk\u00e2ns\u0131z.\u201d<br \/>\nRebecca Stead, Newbery \u00f6d\u00fcll\u00fc yazar<br \/>\n\u201c\u0130lk kitaplar nadiren bu kadar etkileyicidir; okurlar\u0131n g\u00f6z\u00fcn\u00fc ve y\u00fcre\u011fini a\u00e7ma g\u00fcc\u00fcne sahip, nadide bir hik\u00e2ye.\u201d<br \/>\nPublishers Weekly<br \/>\n\u201cMucize, kocaman y\u00fcrekli bir kitap\u2026 hepimizin nas\u0131l k\u0131r\u0131lgan, kusurlu ve m\u00fckemmel g\u00fczellikte varl\u0131klar oldu\u011fumuzu g\u00f6steriyor.\u201d<br \/>\nJulia Alvarez<br \/>\n\u201cUnutulmaz bir nezaket, cesaret ve mucizenin hik\u00e2yesi.\u201d<br \/>\nKirkus Reviews<br \/>\n\u201cMucize, sevgi, h\u00fcz\u00fcn ve insan ya\u015fam\u0131n\u0131n de\u011feri hakk\u0131nda \u00e7ok g\u00fczel bir hik\u00e2ye. Okuduktan sonra daha iyi bir insan olmay\u0131 istememek m\u00fcmk\u00fcn de\u011fil.\u201d<br \/>\nPatricia Reilly Giff, Newbery \u00f6d\u00fcll\u00fc yazar<br \/>\ndevam\u0131n\u0131 oku<\/p>","protected":false},"featured_media":17209,"template":"","meta":{"spay_email":""},"product_cat":[168],"product_tag":[],"item":[813],"acf":[],"_links":{"self":[{"href":"https:\/\/mgvpublications.com\/de\/wp-json\/wp\/v2\/product\/17208"}],"collection":[{"href":"https:\/\/mgvpublications.com\/de\/wp-json\/wp\/v2\/product"}],"about":[{"href":"https:\/\/mgvpublications.com\/de\/wp-json\/wp\/v2\/types\/product"}],"wp:featuredmedia":[{"embeddable":true,"href":"https:\/\/mgvpublications.com\/de\/wp-json\/wp\/v2\/media\/17209"}],"wp:attachment":[{"href":"https:\/\/mgvpublications.com\/de\/wp-json\/wp\/v2\/media?parent=17208"}],"wp:term":[{"taxonomy":"product_cat","embeddable":true,"href":"https:\/\/mgvpublications.com\/de\/wp-json\/wp\/v2\/product_cat?post=17208"},{"taxonomy":"product_tag","embeddable":true,"href":"https:\/\/mgvpublications.com\/de\/wp-json\/wp\/v2\/product_tag?post=17208"},{"taxonomy":"item","embeddable":true,"href":"https:\/\/mgvpublications.com\/de\/wp-json\/wp\/v2\/item?post=17208"}],"curies":[{"name":"wp","href":"https:\/\/api.w.org\/{rel}","templated":true}]}}