{"id":17198,"date":"2021-01-26T01:22:23","date_gmt":"2021-01-26T00:22:23","guid":{"rendered":"https:\/\/dev2.mgvpublications.com\/?post_type=product&#038;p=17198"},"modified":"2022-03-08T22:50:10","modified_gmt":"2022-03-08T21:50:10","slug":"neden-ve-nasil-siyer-ogrenmeliyiz-ciltli","status":"publish","type":"product","link":"https:\/\/mgvpublications.com\/de\/neden-ve-nasil-siyer-ogrenmeliyiz-ciltli\/","title":{"rendered":"Neden ve Nas\u0131l Siyer \u00d6\u011frenmeliyiz (Ciltli)"},"content":{"rendered":"<div>Yay\u0131n Tarihi: 26.10.2020<\/div>\n<div>ISBN: 9786057689870<\/div>\n<div>Dil: T\u00dcRK\u00c7E<\/div>\n<div>Sayfa Say\u0131s\u0131: 253<\/div>\n<div>Cilt Tipi: Ciltli<\/div>\n<div>Ka\u011f\u0131t Cinsi: Kitap Ka\u011f\u0131d\u0131<\/div>\n<div>Boyut: 13.5 x 21 cm<\/div>","protected":false},"excerpt":{"rendered":"<p>Hz. Peygamber&#8217;in (sas) kutlu hayat\u0131 olan siyer, bir M\u00fcsl\u00fcman i\u00e7in ger\u00e7ekten \u00e7ok b\u00fcy\u00fck ehemmiyet arz eden bir aland\u0131r. Kulluk i\u00e7in yarat\u0131lan insan, bu kullu\u011fun en ide\u00adal halini elbette peygamberlerden ve son peygamber olan Peygamber Efendimiz&#8217;den (sas) \u00f6\u011frenecektir. B\u00f6yle oldu\u011fu i\u00e7in, Kur&#8217;an&#8217;\u0131n ve N\u00fcb\u00fcvvet mesajlar\u0131n\u0131n ilk muhataplar\u0131 olan sahabe nesli, Hz. Peygamber&#8217;in (sas) d\u00fcnyas\u0131na ait ne varsa, bu bilgileri \u00e7ok \u00f6nemsemi\u015f, daha sonraki s\u00fcre\u00e7te de bunlar\u0131 talebeleri ve ikinci hay\u0131rl\u0131 nesil olan Tabiin nesline aktarm\u0131\u015f, onlar da kendilerinden sonra gelenlere bu miras\u0131 ula\u015ft\u0131rarak, o k\u0131ymetli hazinelerin g\u00fcn\u00fcm\u00fcze kadar ula\u015f\u00admas\u0131n\u0131 sa\u011flam\u0131\u015flard\u0131r.<\/p>\n<p>Hakikaten Hz. Peygamber&#8217;in (sas) kutlu hayat\u0131na dair bil\u00adgiler, tarihte hi\u00e7bir \u015fah\u0131s ve d\u00f6nem ile k\u0131yaslanamayacak kadar ciddi bir m\u00fcktesebata ula\u015fm\u0131\u015ft\u0131r. \u015eu an k\u00fct\u00fcphane\u00adlerimizde, o d\u00f6neme dair binlerle, hatta y\u00fczbinlerle ifade edilecek kadar kitap mevcuttur. Miladi VI. as\u0131r dedi\u011fimiz o d\u00f6neme ait \u00e7al\u0131\u015fmalar, sadece Hz. Peygamber&#8217;in (sas) haya\u00adt\u0131n\u0131 anlatan do\u011frudan siyer kaynaklar\u0131ndan ibaret de\u011fildir. Bir \u015fekilde Hz. Peygamber&#8217;in (sas) hayat\u0131n\u0131 daha do\u011fru ve daha detayl\u0131 anlamam\u0131za katk\u0131 sa\u011flayacak her t\u00fcrl\u00fc \u00e7al\u0131\u015f\u00adman\u0131n siyer ile bir \u015fekilde ba\u011flar\u0131 olmu\u015ftur.<br \/>\ndevam\u0131n\u0131 oku<\/p>","protected":false},"featured_media":17199,"template":"","meta":{"spay_email":""},"product_cat":[174],"product_tag":[],"item":[426],"acf":[],"_links":{"self":[{"href":"https:\/\/mgvpublications.com\/de\/wp-json\/wp\/v2\/product\/17198"}],"collection":[{"href":"https:\/\/mgvpublications.com\/de\/wp-json\/wp\/v2\/product"}],"about":[{"href":"https:\/\/mgvpublications.com\/de\/wp-json\/wp\/v2\/types\/product"}],"wp:featuredmedia":[{"embeddable":true,"href":"https:\/\/mgvpublications.com\/de\/wp-json\/wp\/v2\/media\/17199"}],"wp:attachment":[{"href":"https:\/\/mgvpublications.com\/de\/wp-json\/wp\/v2\/media?parent=17198"}],"wp:term":[{"taxonomy":"product_cat","embeddable":true,"href":"https:\/\/mgvpublications.com\/de\/wp-json\/wp\/v2\/product_cat?post=17198"},{"taxonomy":"product_tag","embeddable":true,"href":"https:\/\/mgvpublications.com\/de\/wp-json\/wp\/v2\/product_tag?post=17198"},{"taxonomy":"item","embeddable":true,"href":"https:\/\/mgvpublications.com\/de\/wp-json\/wp\/v2\/item?post=17198"}],"curies":[{"name":"wp","href":"https:\/\/api.w.org\/{rel}","templated":true}]}}