{"id":17194,"date":"2021-01-26T01:17:55","date_gmt":"2021-01-26T00:17:55","guid":{"rendered":"https:\/\/dev2.mgvpublications.com\/?post_type=product&#038;p=17194"},"modified":"2022-03-08T22:50:10","modified_gmt":"2022-03-08T21:50:10","slug":"cocuklara-soz-gecirme-sanati","status":"publish","type":"product","link":"https:\/\/mgvpublications.com\/de\/cocuklara-soz-gecirme-sanati\/","title":{"rendered":"\u00c7ocuklara S\u00f6z Ge\u00e7irme Sanat\u0131"},"content":{"rendered":"<div>Yay\u0131n Tarihi: 14.10.2020<\/div>\n<div>ISBN: 9789752611603<\/div>\n<div>Dil: T\u00dcRK\u00c7E<\/div>\n<div>Sayfa Say\u0131s\u0131: 224<\/div>\n<div>Cilt Tipi: Karton Kapak<\/div>\n<div>Ka\u011f\u0131t Cinsi: Kitap Ka\u011f\u0131d\u0131<\/div>\n<div>Boyut: 13.5 x 19.5 cm<\/div>","protected":false},"excerpt":{"rendered":"<p>S\u0131n\u0131rlar, \u00e7ocuklara korunduklar\u0131, g\u00fcvende olduklar\u0131 ve de\u011fer verildikleri duygusu kazand\u0131r\u0131r. Aile i\u00e7i kurallara uymalar\u0131n\u0131, i\u015fbirli\u011fi yapmalar\u0131n\u0131, otoriteye sayg\u0131 duymalar\u0131n\u0131 sa\u011flar. Sorumluluk kazand\u0131r\u0131r. Bu kitap \u00e7ocuklara nas\u0131l do\u011fru s\u0131n\u0131rlar koyaca\u011f\u0131n\u0131z\u0131, ba\u011f\u0131rmadan, sinirlenmeden, ceza vermeden nas\u0131l s\u00f6z ge\u00e7irece\u011finizi anlatmaya \u00e7al\u0131\u015facakt\u0131r.<\/p>","protected":false},"featured_media":17195,"template":"","meta":{"spay_email":""},"product_cat":[171],"product_tag":[],"item":[692],"acf":[],"_links":{"self":[{"href":"https:\/\/mgvpublications.com\/de\/wp-json\/wp\/v2\/product\/17194"}],"collection":[{"href":"https:\/\/mgvpublications.com\/de\/wp-json\/wp\/v2\/product"}],"about":[{"href":"https:\/\/mgvpublications.com\/de\/wp-json\/wp\/v2\/types\/product"}],"wp:featuredmedia":[{"embeddable":true,"href":"https:\/\/mgvpublications.com\/de\/wp-json\/wp\/v2\/media\/17195"}],"wp:attachment":[{"href":"https:\/\/mgvpublications.com\/de\/wp-json\/wp\/v2\/media?parent=17194"}],"wp:term":[{"taxonomy":"product_cat","embeddable":true,"href":"https:\/\/mgvpublications.com\/de\/wp-json\/wp\/v2\/product_cat?post=17194"},{"taxonomy":"product_tag","embeddable":true,"href":"https:\/\/mgvpublications.com\/de\/wp-json\/wp\/v2\/product_tag?post=17194"},{"taxonomy":"item","embeddable":true,"href":"https:\/\/mgvpublications.com\/de\/wp-json\/wp\/v2\/item?post=17194"}],"curies":[{"name":"wp","href":"https:\/\/api.w.org\/{rel}","templated":true}]}}