{"id":17190,"date":"2021-01-26T01:14:41","date_gmt":"2021-01-26T00:14:41","guid":{"rendered":"https:\/\/dev2.mgvpublications.com\/?post_type=product&#038;p=17190"},"modified":"2022-03-08T22:50:10","modified_gmt":"2022-03-08T21:50:10","slug":"okul-ailede-baslar","status":"publish","type":"product","link":"https:\/\/mgvpublications.com\/de\/okul-ailede-baslar\/","title":{"rendered":"Okul Ailede Ba\u015flar"},"content":{"rendered":"<div><\/div>\n<div>Yay\u0131n Tarihi: 01.03.2011<\/div>\n<div>ISBN: 9789752611375<\/div>\n<div>Dil: T\u00dcRK\u00c7E<\/div>\n<div>Sayfa Say\u0131s\u0131: 207<\/div>\n<div>Cilt Tipi: Karton Kapak<\/div>\n<div>Ka\u011f\u0131t Cinsi: Kitap Ka\u011f\u0131d\u0131<\/div>\n<div>Boyut: 13.5 x 19.5 cm<\/div>","protected":false},"excerpt":{"rendered":"<p>Bu kitab\u0131n amac\u0131 anne babalara \u00e7ocuklar\u0131n\u0131 hayata ve okula haz\u0131rlamada yard\u0131mc\u0131 olmakt\u0131r. \u00c7ocuk e\u011fitiminde s\u0131kl\u0131kla ihtiya\u00e7 duyulan temel konular\u0131 i\u015flemeye \u00e7al\u0131\u015ft\u0131k. A\u015fa\u011f\u0131da s\u0131ralad\u0131\u011f\u0131m\u0131z baz\u0131 ba\u015fl\u0131klar kitap hakk\u0131nda bir bilgi verir san\u0131r\u0131z.<\/p>\n<p>-\u00c7ocuk e\u011fitiminde kre\u015f ve anaokulu<br \/>\n-\u00c7al\u0131\u015fan annenin sorunlar\u0131<br \/>\n-Bo\u015fanan e\u015flerde \u00e7ocuk sorunu<br \/>\n-\u00c7ocuk neden kendi yata\u011f\u0131nda uyumak istemez?<br \/>\n-\u00c7ocuk e\u011fitiminde disiplin<br \/>\n-\u00c7ocuk neden ders \u00e7al\u0131\u015fmak istemez?<br \/>\n-\u00c7ocuk ve oyun<br \/>\n-\u00c7ocuk ve televizyon<br \/>\n-\u00c7ocuk ve kahraman<br \/>\n-Okul korkusu<br \/>\ndevam\u0131n\u0131 oku<\/p>","protected":false},"featured_media":17191,"template":"","meta":{"spay_email":""},"product_cat":[171],"product_tag":[],"item":[800],"acf":[],"_links":{"self":[{"href":"https:\/\/mgvpublications.com\/de\/wp-json\/wp\/v2\/product\/17190"}],"collection":[{"href":"https:\/\/mgvpublications.com\/de\/wp-json\/wp\/v2\/product"}],"about":[{"href":"https:\/\/mgvpublications.com\/de\/wp-json\/wp\/v2\/types\/product"}],"wp:featuredmedia":[{"embeddable":true,"href":"https:\/\/mgvpublications.com\/de\/wp-json\/wp\/v2\/media\/17191"}],"wp:attachment":[{"href":"https:\/\/mgvpublications.com\/de\/wp-json\/wp\/v2\/media?parent=17190"}],"wp:term":[{"taxonomy":"product_cat","embeddable":true,"href":"https:\/\/mgvpublications.com\/de\/wp-json\/wp\/v2\/product_cat?post=17190"},{"taxonomy":"product_tag","embeddable":true,"href":"https:\/\/mgvpublications.com\/de\/wp-json\/wp\/v2\/product_tag?post=17190"},{"taxonomy":"item","embeddable":true,"href":"https:\/\/mgvpublications.com\/de\/wp-json\/wp\/v2\/item?post=17190"}],"curies":[{"name":"wp","href":"https:\/\/api.w.org\/{rel}","templated":true}]}}