{"id":17188,"date":"2021-01-26T00:49:57","date_gmt":"2021-01-25T23:49:57","guid":{"rendered":"https:\/\/dev2.mgvpublications.com\/?post_type=product&#038;p=17188"},"modified":"2022-03-08T22:50:09","modified_gmt":"2022-03-08T21:50:09","slug":"bir-kabugu-paylasmak","status":"publish","type":"product","link":"https:\/\/mgvpublications.com\/de\/bir-kabugu-paylasmak\/","title":{"rendered":"Bir Kabu\u011fu Payla\u015fmak"},"content":{"rendered":"<p>\u00c7evirmen: Ali Berktay<br \/>Yay\u0131n Tarihi: 12.06.2019<br \/>ISBN: 9786053324959<br \/>Dil: T\u00dcRK\u00c7E<br \/>Sayfa Say\u0131s\u0131: 32<br \/>Cilt Tipi: Karton Kapak<br \/>Ka\u011f\u0131t Cinsi: Ku\u015fe Ka\u011f\u0131t<br \/>Boyut: 25 x 25 cm<\/p>","protected":false},"excerpt":{"rendered":"<p>Bak! Yengece bak! Kabu\u011fu da yok! Yan yan ko\u015fuyor deniz k\u0131y\u0131s\u0131nda! Tek ba\u015f\u0131na ya\u015fayan k\u00fc\u00e7\u00fck yenge\u00e7 kendine parlak bir deniz kabu\u011fu bulup i\u00e7ine ta\u015f\u0131n\u0131nca, onu mor bir kabarc\u0131\u011fa benzeyen denizg\u00fcl\u00fc ve hassas t\u00fcpl\u00fc kurtla payla\u015fmak istemez. Kayalarla \u00e7evrili k\u00fc\u00e7\u00fck su birikintisinde sen de Yenge\u00e7, Kabarc\u0131k ve F\u0131r\u00e7a\u2019ya kat\u0131l; deniz, kabuklar ve arkada\u015fl\u0131kla ilgili bu c\u0131v\u0131l c\u0131v\u0131l \u00f6yk\u00fcde yerini al. Dizeler de en az resimler kadar g\u00f6z al\u0131c\u0131!<\/p>","protected":false},"featured_media":22572,"template":"","meta":{"spay_email":""},"product_cat":[172],"product_tag":[],"item":[336],"acf":[],"_links":{"self":[{"href":"https:\/\/mgvpublications.com\/de\/wp-json\/wp\/v2\/product\/17188"}],"collection":[{"href":"https:\/\/mgvpublications.com\/de\/wp-json\/wp\/v2\/product"}],"about":[{"href":"https:\/\/mgvpublications.com\/de\/wp-json\/wp\/v2\/types\/product"}],"wp:featuredmedia":[{"embeddable":true,"href":"https:\/\/mgvpublications.com\/de\/wp-json\/wp\/v2\/media\/22572"}],"wp:attachment":[{"href":"https:\/\/mgvpublications.com\/de\/wp-json\/wp\/v2\/media?parent=17188"}],"wp:term":[{"taxonomy":"product_cat","embeddable":true,"href":"https:\/\/mgvpublications.com\/de\/wp-json\/wp\/v2\/product_cat?post=17188"},{"taxonomy":"product_tag","embeddable":true,"href":"https:\/\/mgvpublications.com\/de\/wp-json\/wp\/v2\/product_tag?post=17188"},{"taxonomy":"item","embeddable":true,"href":"https:\/\/mgvpublications.com\/de\/wp-json\/wp\/v2\/item?post=17188"}],"curies":[{"name":"wp","href":"https:\/\/api.w.org\/{rel}","templated":true}]}}