{"id":17186,"date":"2021-01-26T00:48:40","date_gmt":"2021-01-25T23:48:40","guid":{"rendered":"https:\/\/dev2.mgvpublications.com\/?post_type=product&#038;p=17186"},"modified":"2022-03-08T22:50:08","modified_gmt":"2022-03-08T21:50:08","slug":"aksi-kus","status":"publish","type":"product","link":"https:\/\/mgvpublications.com\/de\/aksi-kus\/","title":{"rendered":"Aksi Ku\u015f"},"content":{"rendered":"<div>\u00c7evirmen: Meltem Ayd\u0131n<\/div>\n<div>Yay\u0131n Tarihi: 17.03.2020<\/div>\n<div>Orijinal Ad\u0131: The Go-Away Bird<\/div>\n<div>ISBN: 9786257999960<\/div>\n<div>Dil: T\u00dcRK\u00c7E<\/div>\n<div>Sayfa Say\u0131s\u0131: 32<\/div>\n<div>Cilt Tipi: Karton Kapak<\/div>\n<div>Ka\u011f\u0131t Cinsi: Ku\u015fe Ka\u011f\u0131t<\/div>\n<div>Boyut: 25 x 28 cm<\/div>","protected":false},"excerpt":{"rendered":"<p>Bir g\u00fcn Aksi Ku\u015f oturuyordu yuvas\u0131nda,<br \/>\nGri sorgucu ve parlak kanatlar\u0131yla.<br \/>\nDi\u011fer ku\u015flar onunla konu\u015fup, oynamak isterken;<br \/>\nAksi Ku\u015f yaln\u0131z kalmak istiyor.<br \/>\nGelin g\u00f6r\u00fcn ki, ba\u015f\u0131 derde girdi\u011finde,<br \/>\nherkesin bir arkada\u015fa ihtiyac\u0131 oldu\u011funu anl\u0131yor.<\/p>","protected":false},"featured_media":17187,"template":"","meta":{"spay_email":""},"product_cat":[172],"product_tag":[],"item":[336],"acf":[],"_links":{"self":[{"href":"https:\/\/mgvpublications.com\/de\/wp-json\/wp\/v2\/product\/17186"}],"collection":[{"href":"https:\/\/mgvpublications.com\/de\/wp-json\/wp\/v2\/product"}],"about":[{"href":"https:\/\/mgvpublications.com\/de\/wp-json\/wp\/v2\/types\/product"}],"wp:featuredmedia":[{"embeddable":true,"href":"https:\/\/mgvpublications.com\/de\/wp-json\/wp\/v2\/media\/17187"}],"wp:attachment":[{"href":"https:\/\/mgvpublications.com\/de\/wp-json\/wp\/v2\/media?parent=17186"}],"wp:term":[{"taxonomy":"product_cat","embeddable":true,"href":"https:\/\/mgvpublications.com\/de\/wp-json\/wp\/v2\/product_cat?post=17186"},{"taxonomy":"product_tag","embeddable":true,"href":"https:\/\/mgvpublications.com\/de\/wp-json\/wp\/v2\/product_tag?post=17186"},{"taxonomy":"item","embeddable":true,"href":"https:\/\/mgvpublications.com\/de\/wp-json\/wp\/v2\/item?post=17186"}],"curies":[{"name":"wp","href":"https:\/\/api.w.org\/{rel}","templated":true}]}}