{"id":17184,"date":"2021-01-26T00:47:06","date_gmt":"2021-01-25T23:47:06","guid":{"rendered":"https:\/\/dev2.mgvpublications.com\/?post_type=product&#038;p=17184"},"modified":"2022-03-08T22:50:08","modified_gmt":"2022-03-08T21:50:08","slug":"misafir-yilan","status":"publish","type":"product","link":"https:\/\/mgvpublications.com\/de\/misafir-yilan\/","title":{"rendered":"Misafir Y\u0131lan"},"content":{"rendered":"<div>\u00c7evirmen: Beg\u00fcm Kovulmaz<\/div>\n<div>Yay\u0131n Tarihi: 23.03.2018<\/div>\n<div>ISBN: 9789750837319<\/div>\n<div>Dil: T\u00dcRK\u00c7E<\/div>\n<div>Sayfa Say\u0131s\u0131: 88<\/div>\n<div>Cilt Tipi: Karton Kapak<\/div>\n<div>Ka\u011f\u0131t Cinsi: Kitap Ka\u011f\u0131d\u0131<\/div>\n<div>Boyut: 12.5 x 16.8 cm<\/div>\n<div>Di\u011fer \u00d6zellik: 7-9 Ya\u015f<\/div>","protected":false},"excerpt":{"rendered":"<p>\u0130iiiik! \u0130iiiik!\u201d<br \/>\n\u201cT\u0131sss! T\u0131sss!\u201d<br \/>\n\u201cA\u00e7\u0131k kumral sa\u00e7l\u0131 Cini\u2019yi d\u00fc\u015fl\u00fcyorum!\u201d<br \/>\nPoli\u2019nin evcil hayvanlar tatil evinde ortal\u0131k kar\u0131\u015ft\u0131.<br \/>\nKobaylar\u0131n, mina ku\u015funun ve Doris\u2019in s\u00f6yleyecekleri var!<br \/>\nPeki Doris ortadan kayboldu\u011funda&#8230;<br \/>\nPoli\u2019nin annesi ne diyecek? \u00d6d\u00fcll\u00fc \u00e7ocuk kitaplar\u0131 yazar\u0131 Julia Donaldson\u2019\u0131n bu e\u011flenceli mi e\u011flenceli hik\u00e2yesini Hannah Shaw resimledi.<\/p>","protected":false},"featured_media":17185,"template":"","meta":{"spay_email":""},"product_cat":[172],"product_tag":[],"item":[448],"acf":[],"_links":{"self":[{"href":"https:\/\/mgvpublications.com\/de\/wp-json\/wp\/v2\/product\/17184"}],"collection":[{"href":"https:\/\/mgvpublications.com\/de\/wp-json\/wp\/v2\/product"}],"about":[{"href":"https:\/\/mgvpublications.com\/de\/wp-json\/wp\/v2\/types\/product"}],"wp:featuredmedia":[{"embeddable":true,"href":"https:\/\/mgvpublications.com\/de\/wp-json\/wp\/v2\/media\/17185"}],"wp:attachment":[{"href":"https:\/\/mgvpublications.com\/de\/wp-json\/wp\/v2\/media?parent=17184"}],"wp:term":[{"taxonomy":"product_cat","embeddable":true,"href":"https:\/\/mgvpublications.com\/de\/wp-json\/wp\/v2\/product_cat?post=17184"},{"taxonomy":"product_tag","embeddable":true,"href":"https:\/\/mgvpublications.com\/de\/wp-json\/wp\/v2\/product_tag?post=17184"},{"taxonomy":"item","embeddable":true,"href":"https:\/\/mgvpublications.com\/de\/wp-json\/wp\/v2\/item?post=17184"}],"curies":[{"name":"wp","href":"https:\/\/api.w.org\/{rel}","templated":true}]}}