{"id":17182,"date":"2021-01-26T00:45:54","date_gmt":"2021-01-25T23:45:54","guid":{"rendered":"https:\/\/dev2.mgvpublications.com\/?post_type=product&#038;p=17182"},"modified":"2022-03-08T22:50:08","modified_gmt":"2022-03-08T21:50:08","slug":"kacak-kopek-gezgin","status":"publish","type":"product","link":"https:\/\/mgvpublications.com\/de\/kacak-kopek-gezgin\/","title":{"rendered":"Ka\u00e7ak K\u00f6pek Gezgin"},"content":{"rendered":"<div>\u00c7evirmen: An\u0131l Ceren Altunkanat<\/div>\n<div>Yay\u0131n Tarihi: 05.11.2019<\/div>\n<div>Orijinal Ad\u0131: Jack the Runaway Terrier<\/div>\n<div>ISBN: 9786052959572<\/div>\n<div>Dil: T\u00dcRK\u00c7E<\/div>\n<div>Sayfa Say\u0131s\u0131: 32<\/div>\n<div>Cilt Tipi: Karton Kapak<\/div>\n<div>Ka\u011f\u0131t Cinsi: 1. Hm. Ka\u011f\u0131t<\/div>\n<div>Boyut: 24.5 x 27.5 cm<\/div>","protected":false},"excerpt":{"rendered":"<p>K\u00fc\u00e7\u00fck bir k\u00f6pek\u2026 B\u00fcy\u00fck bir macera&#8230;<br \/>\nAma bulsa bir f\u0131rsat\u0131n\u0131, Gezgin bir an durmaz, d\u0131\u015far\u0131 ka\u00e7ard\u0131.<br \/>\nBay\u0131l\u0131yordu maceraya, ne e\u011flenceliydi hayat d\u0131\u015far\u0131da!<br \/>\nBu y\u00fczden r\u00fczg\u00e2r esip de aralan\u0131nca kap\u0131, bunu f\u0131rsat bilip f\u0131rlad\u0131 d\u0131\u015far\u0131.<br \/>\nBoyundan b\u00fcy\u00fck bir ser\u00fcvene at\u0131lan yaramaz Gezgin\u2019in sevgi dolu hik\u00e2yesi.<\/p>","protected":false},"featured_media":17183,"template":"","meta":{"spay_email":""},"product_cat":[172],"product_tag":[],"item":[336],"acf":[],"_links":{"self":[{"href":"https:\/\/mgvpublications.com\/de\/wp-json\/wp\/v2\/product\/17182"}],"collection":[{"href":"https:\/\/mgvpublications.com\/de\/wp-json\/wp\/v2\/product"}],"about":[{"href":"https:\/\/mgvpublications.com\/de\/wp-json\/wp\/v2\/types\/product"}],"wp:featuredmedia":[{"embeddable":true,"href":"https:\/\/mgvpublications.com\/de\/wp-json\/wp\/v2\/media\/17183"}],"wp:attachment":[{"href":"https:\/\/mgvpublications.com\/de\/wp-json\/wp\/v2\/media?parent=17182"}],"wp:term":[{"taxonomy":"product_cat","embeddable":true,"href":"https:\/\/mgvpublications.com\/de\/wp-json\/wp\/v2\/product_cat?post=17182"},{"taxonomy":"product_tag","embeddable":true,"href":"https:\/\/mgvpublications.com\/de\/wp-json\/wp\/v2\/product_tag?post=17182"},{"taxonomy":"item","embeddable":true,"href":"https:\/\/mgvpublications.com\/de\/wp-json\/wp\/v2\/item?post=17182"}],"curies":[{"name":"wp","href":"https:\/\/api.w.org\/{rel}","templated":true}]}}