{"id":17176,"date":"2021-01-26T00:40:46","date_gmt":"2021-01-25T23:40:46","guid":{"rendered":"https:\/\/dev2.mgvpublications.com\/?post_type=product&#038;p=17176"},"modified":"2022-03-08T22:50:07","modified_gmt":"2022-03-08T21:50:07","slug":"moby-dick-beyaz-balina-renkli-cocuk-klasikleri","status":"publish","type":"product","link":"https:\/\/mgvpublications.com\/de\/moby-dick-beyaz-balina-renkli-cocuk-klasikleri\/","title":{"rendered":"Moby Dick &#8211; Beyaz Balina \/ Renkli \u00c7ocuk Klasikleri"},"content":{"rendered":"<div>\u00c7evirmen: Sevgi Atl\u0131han<\/div>\n<div>Derleyici: Sasha Morton<\/div>\n<div>Yay\u0131n Tarihi: 22.09.2017<\/div>\n<div>Orijinal Ad\u0131: Favourite Classics \u2013 Moby Dick<\/div>\n<div>ISBN: 9786053329633<\/div>\n<div>Dil: T\u00dcRK\u00c7E<\/div>\n<div>Sayfa Say\u0131s\u0131: 48<\/div>\n<div>Cilt Tipi: Karton Kapak<\/div>\n<div>Ka\u011f\u0131t Cinsi: Kitap Ka\u011f\u0131d\u0131<\/div>\n<div>Boyut: 18 x 22 cm<\/div>","protected":false},"excerpt":{"rendered":"<p>Beyaz balina Moby Dick\u2019in pe\u015finde okyanuslara a\u00e7\u0131l ve edebiyat tarihinin en ilgin\u00e7 karakterlerinden Kaptan Ahab\u2019\u0131n destans\u0131 yolculu\u011funa kat\u0131l.<br \/>\nHerman Melville\u2019in klasik macera roman\u0131 Moby Dick\u2019in ilgi \u00e7ekici renkli resimlerle haz\u0131rlanm\u0131\u015f uyarlamas\u0131n\u0131 soluk solu\u011fa okuyacaks\u0131n.<\/p>\n<p>Renkli \u00c7ocuk Klasikleri serisinde, en sevilen klasik eserlerin gen\u00e7 okurlar i\u00e7in uyarlamalar\u0131 yer almaktad\u0131r. Edebiyat tarihinin en pop\u00fcler yazarlar\u0131n\u0131n eserleri, harika resimler ve ilgi \u00e7ekici bir anlat\u0131mla sunulmaktad\u0131r.<br \/>\ndevam\u0131n\u0131 oku<\/p>","protected":false},"featured_media":17177,"template":"","meta":{"spay_email":""},"product_cat":[172],"product_tag":[],"item":[336],"acf":[],"_links":{"self":[{"href":"https:\/\/mgvpublications.com\/de\/wp-json\/wp\/v2\/product\/17176"}],"collection":[{"href":"https:\/\/mgvpublications.com\/de\/wp-json\/wp\/v2\/product"}],"about":[{"href":"https:\/\/mgvpublications.com\/de\/wp-json\/wp\/v2\/types\/product"}],"wp:featuredmedia":[{"embeddable":true,"href":"https:\/\/mgvpublications.com\/de\/wp-json\/wp\/v2\/media\/17177"}],"wp:attachment":[{"href":"https:\/\/mgvpublications.com\/de\/wp-json\/wp\/v2\/media?parent=17176"}],"wp:term":[{"taxonomy":"product_cat","embeddable":true,"href":"https:\/\/mgvpublications.com\/de\/wp-json\/wp\/v2\/product_cat?post=17176"},{"taxonomy":"product_tag","embeddable":true,"href":"https:\/\/mgvpublications.com\/de\/wp-json\/wp\/v2\/product_tag?post=17176"},{"taxonomy":"item","embeddable":true,"href":"https:\/\/mgvpublications.com\/de\/wp-json\/wp\/v2\/item?post=17176"}],"curies":[{"name":"wp","href":"https:\/\/api.w.org\/{rel}","templated":true}]}}