{"id":17174,"date":"2021-01-26T00:39:07","date_gmt":"2021-01-25T23:39:07","guid":{"rendered":"https:\/\/dev2.mgvpublications.com\/?post_type=product&#038;p=17174"},"modified":"2022-03-08T22:50:07","modified_gmt":"2022-03-08T21:50:07","slug":"insaat-sahasinda-bir-yil-bul-eglen-ogren","status":"publish","type":"product","link":"https:\/\/mgvpublications.com\/de\/insaat-sahasinda-bir-yil-bul-eglen-ogren\/","title":{"rendered":"\u0130n\u015faat Sahas\u0131nda Bir Y\u0131l \/ Bul, E\u011flen, \u00d6\u011fren!"},"content":{"rendered":"<div>\u00c7evirmen: Sevgi Atl\u0131han<\/div>\n<div>Yay\u0131n Tarihi: 30.01.2019<\/div>\n<div>Orijinal Ad\u0131: A Year 0n A Building Site<\/div>\n<div>ISBN: 9786052950623<\/div>\n<div>Dil: T\u00dcRK\u00c7E<\/div>\n<div>Sayfa Say\u0131s\u0131: 20<\/div>\n<div>Cilt Tipi: Karton Kapak<\/div>\n<div>Ka\u011f\u0131t Cinsi: Kitap Ka\u011f\u0131d\u0131<\/div>\n<div>Boyut: 21 x 30 cm<\/div>","protected":false},"excerpt":{"rendered":"<p>Kamyonlar, kep\u00e7eler, greyderler, beton mikserleri ve vin\u00e7ler planl\u0131 bir \u015fekilde \u00e7al\u0131\u015f\u0131yor. Temeller kaz\u0131l\u0131yor, duvarlar yap\u0131l\u0131yor, yerlere fayans, plastik ve ah\u015fap malzeme d\u00f6\u015feniyor, \u00e7at\u0131lar yerle\u015ftiriliyor.<br \/>\nBina yapmak \u00e7ok say\u0131da uzman\u0131n bir arada \u00e7al\u0131\u015ft\u0131\u011f\u0131, proje ve program gerektiren bir i\u015ftir. Ayr\u0131nt\u0131l\u0131 resimler ve ilgi \u00e7ekici sahnelerle yeni okul binas\u0131n\u0131n yap\u0131m\u0131nda profesyonellerin \u00e7al\u0131\u015fmalar\u0131n\u0131 izleyebilir, \u015fa\u015f\u0131rt\u0131c\u0131 bir maceraya kat\u0131labilirsin.<\/p>","protected":false},"featured_media":17175,"template":"","meta":{"spay_email":""},"product_cat":[172],"product_tag":[],"item":[336],"acf":[],"_links":{"self":[{"href":"https:\/\/mgvpublications.com\/de\/wp-json\/wp\/v2\/product\/17174"}],"collection":[{"href":"https:\/\/mgvpublications.com\/de\/wp-json\/wp\/v2\/product"}],"about":[{"href":"https:\/\/mgvpublications.com\/de\/wp-json\/wp\/v2\/types\/product"}],"wp:featuredmedia":[{"embeddable":true,"href":"https:\/\/mgvpublications.com\/de\/wp-json\/wp\/v2\/media\/17175"}],"wp:attachment":[{"href":"https:\/\/mgvpublications.com\/de\/wp-json\/wp\/v2\/media?parent=17174"}],"wp:term":[{"taxonomy":"product_cat","embeddable":true,"href":"https:\/\/mgvpublications.com\/de\/wp-json\/wp\/v2\/product_cat?post=17174"},{"taxonomy":"product_tag","embeddable":true,"href":"https:\/\/mgvpublications.com\/de\/wp-json\/wp\/v2\/product_tag?post=17174"},{"taxonomy":"item","embeddable":true,"href":"https:\/\/mgvpublications.com\/de\/wp-json\/wp\/v2\/item?post=17174"}],"curies":[{"name":"wp","href":"https:\/\/api.w.org\/{rel}","templated":true}]}}