{"id":17172,"date":"2021-01-26T00:37:36","date_gmt":"2021-01-25T23:37:36","guid":{"rendered":"https:\/\/dev2.mgvpublications.com\/?post_type=product&#038;p=17172"},"modified":"2022-03-08T22:50:07","modified_gmt":"2022-03-08T21:50:07","slug":"firtinali-gece","status":"publish","type":"product","link":"https:\/\/mgvpublications.com\/de\/firtinali-gece\/","title":{"rendered":"F\u0131rt\u0131nal\u0131 Gece"},"content":{"rendered":"<div>\u00c7evirmen: Ali Berktay<\/div>\n<div>Yay\u0131n Tarihi: 03.01.2019<\/div>\n<div>Orijinal Ad\u0131: Stormy Weather<\/div>\n<div>ISBN: 9786053323242<\/div>\n<div>Dil: T\u00dcRK\u00c7E<\/div>\n<div>Sayfa Say\u0131s\u0131: 28<\/div>\n<div>Cilt Tipi: Karton Kapak<\/div>\n<div>Ka\u011f\u0131t Cinsi: Ku\u015fe Ka\u011f\u0131t<\/div>\n<div>Boyut: 27.5 x 24.5 cm<\/div>","protected":false},"excerpt":{"rendered":"<p>Aile sevgisini anlatan s\u0131cac\u0131k bir \u00f6yk\u00fc!<br \/>\n\u0130sterse y\u0131ld\u0131r\u0131mlar b\u00f6ls\u00fcn karanl\u0131k geceyi ikiye<br \/>\n\u0130sterse g\u00fcmb\u00fcr g\u00fcmb\u00fcr vursun g\u00f6k g\u00fcr\u00fclt\u00fcleri pencereye<br \/>\nBiz ba\u015f\u0131m\u0131z\u0131n \u00fcst\u00fcnden ge\u00e7en f\u0131rt\u0131naya bakaca\u011f\u0131z<br \/>\nSonra rahat yata\u011f\u0131m\u0131za k\u0131vr\u0131l\u0131p m\u0131\u015f\u0131l m\u0131\u015f\u0131l uyuyaca\u011f\u0131z.<\/p>","protected":false},"featured_media":17173,"template":"","meta":{"spay_email":""},"product_cat":[172],"product_tag":[],"item":[336],"acf":[],"_links":{"self":[{"href":"https:\/\/mgvpublications.com\/de\/wp-json\/wp\/v2\/product\/17172"}],"collection":[{"href":"https:\/\/mgvpublications.com\/de\/wp-json\/wp\/v2\/product"}],"about":[{"href":"https:\/\/mgvpublications.com\/de\/wp-json\/wp\/v2\/types\/product"}],"wp:featuredmedia":[{"embeddable":true,"href":"https:\/\/mgvpublications.com\/de\/wp-json\/wp\/v2\/media\/17173"}],"wp:attachment":[{"href":"https:\/\/mgvpublications.com\/de\/wp-json\/wp\/v2\/media?parent=17172"}],"wp:term":[{"taxonomy":"product_cat","embeddable":true,"href":"https:\/\/mgvpublications.com\/de\/wp-json\/wp\/v2\/product_cat?post=17172"},{"taxonomy":"product_tag","embeddable":true,"href":"https:\/\/mgvpublications.com\/de\/wp-json\/wp\/v2\/product_tag?post=17172"},{"taxonomy":"item","embeddable":true,"href":"https:\/\/mgvpublications.com\/de\/wp-json\/wp\/v2\/item?post=17172"}],"curies":[{"name":"wp","href":"https:\/\/api.w.org\/{rel}","templated":true}]}}