{"id":17170,"date":"2021-01-26T00:36:24","date_gmt":"2021-01-25T23:36:24","guid":{"rendered":"https:\/\/dev2.mgvpublications.com\/?post_type=product&#038;p=17170"},"modified":"2022-03-08T22:50:07","modified_gmt":"2022-03-08T21:50:07","slug":"carli-maytap-ve-en-sevdigi-kitap","status":"publish","type":"product","link":"https:\/\/mgvpublications.com\/de\/carli-maytap-ve-en-sevdigi-kitap\/","title":{"rendered":"\u00c7arli Maytap ve En Sevdi\u011fi Kitap"},"content":{"rendered":"<div>\u00c7evirmen: Ali Berktay<\/div>\n<div>\u00c7izer: Axel Scheffler<\/div>\n<div>Yay\u0131n Tarihi: 31.05.2019<\/div>\n<div>Orijinal Ad\u0131: ok<\/div>\n<div>ISBN: 9786053326953<\/div>\n<div>Dil: T\u00dcRK\u00c7E<\/div>\n<div>Sayfa Say\u0131s\u0131: 32<\/div>\n<div>Cilt Tipi: Karton Kapak<\/div>\n<div>Ka\u011f\u0131t Cinsi: Ku\u015fe Ka\u011f\u0131t<\/div>\n<div>Boyut: 21 x 27 cm<\/div>","protected":false},"excerpt":{"rendered":"<p>\u015eimdi rahat bir koltu\u011fa kurul ve okumaya ba\u015fla. \u00c7arli Maytap ve En Sevdi\u011fi Kitap senin de en sevdi\u011fin kitap olacak!<br \/>\n\u201cHarika espriler ve e\u011flence dolu\u201d Sunday Times<br \/>\n\u201c\u00c7ocuk okurlar, Donaldson\u2019\u0131n ne\u015feli kafiyelerle \u00f6r\u00fclm\u00fc\u015f metnindeki kurguya ve Scheffler\u2019in capcanl\u0131 ill\u00fcstrasyonlar\u0131na bay\u0131lacak.\u201d Guardian<br \/>\n\u201cKitaplara ve okumaya d\u00f6rt d\u00f6rtl\u00fck bir \u00f6vg\u00fc\u201d Scotsman<\/p>","protected":false},"featured_media":17171,"template":"","meta":{"spay_email":""},"product_cat":[172],"product_tag":[],"item":[336],"acf":[],"_links":{"self":[{"href":"https:\/\/mgvpublications.com\/de\/wp-json\/wp\/v2\/product\/17170"}],"collection":[{"href":"https:\/\/mgvpublications.com\/de\/wp-json\/wp\/v2\/product"}],"about":[{"href":"https:\/\/mgvpublications.com\/de\/wp-json\/wp\/v2\/types\/product"}],"wp:featuredmedia":[{"embeddable":true,"href":"https:\/\/mgvpublications.com\/de\/wp-json\/wp\/v2\/media\/17171"}],"wp:attachment":[{"href":"https:\/\/mgvpublications.com\/de\/wp-json\/wp\/v2\/media?parent=17170"}],"wp:term":[{"taxonomy":"product_cat","embeddable":true,"href":"https:\/\/mgvpublications.com\/de\/wp-json\/wp\/v2\/product_cat?post=17170"},{"taxonomy":"product_tag","embeddable":true,"href":"https:\/\/mgvpublications.com\/de\/wp-json\/wp\/v2\/product_tag?post=17170"},{"taxonomy":"item","embeddable":true,"href":"https:\/\/mgvpublications.com\/de\/wp-json\/wp\/v2\/item?post=17170"}],"curies":[{"name":"wp","href":"https:\/\/api.w.org\/{rel}","templated":true}]}}