{"id":17162,"date":"2021-01-26T00:30:13","date_gmt":"2021-01-25T23:30:13","guid":{"rendered":"https:\/\/dev2.mgvpublications.com\/?post_type=product&#038;p=17162"},"modified":"2022-03-08T22:50:03","modified_gmt":"2022-03-08T21:50:03","slug":"yayazulanin-cocugu-cikartmali-etkinlik-kitabi","status":"publish","type":"product","link":"https:\/\/mgvpublications.com\/de\/yayazulanin-cocugu-cikartmali-etkinlik-kitabi\/","title":{"rendered":"Yayazulan\u0131n \u00c7ocu\u011fu \u00c7\u0131kartmal\u0131 Etkinlik Kitab\u0131"},"content":{"rendered":"<div>\u00c7evirmen: Meltem Ayd\u0131n<\/div>\n<div>\u00c7izer: Axel Scheffler<\/div>\n<div>Yay\u0131n Tarihi: 03.08.2018<\/div>\n<div>Orijinal Ad\u0131: The Gruffalo\u2019s Child<\/div>\n<div>ISBN: 9786052953839<\/div>\n<div>Dil: T\u00dcRK\u00c7E<\/div>\n<div>Sayfa Say\u0131s\u0131: 24<\/div>\n<div>Cilt Tipi: Karton Kapak<\/div>\n<div>Ka\u011f\u0131t Cinsi: Kitap Ka\u011f\u0131d\u0131<\/div>\n<div>Boyut: 23.5 x 30.5 cm<\/div>","protected":false},"excerpt":{"rendered":"<p>Julia Donaldson ve Axel Scheffler\u2019in \u00e7ok sevilen \u00f6yk\u00fcs\u00fcnden uyarlanan bu muhte\u015fem etkinlik kitab\u0131 ile karanl\u0131k ormanda Yayazuli ile gezintiye \u00e7\u0131kabilirsin.<br \/>\nBir s\u00fcr\u00fc \u00e7\u0131kartmayla resimlerin, oyunlar\u0131n ve bulmacalar\u0131n tad\u0131n\u0131 \u00e7\u0131kar!<\/p>","protected":false},"featured_media":17163,"template":"","meta":{"spay_email":""},"product_cat":[172],"product_tag":[],"item":[336],"acf":[],"_links":{"self":[{"href":"https:\/\/mgvpublications.com\/de\/wp-json\/wp\/v2\/product\/17162"}],"collection":[{"href":"https:\/\/mgvpublications.com\/de\/wp-json\/wp\/v2\/product"}],"about":[{"href":"https:\/\/mgvpublications.com\/de\/wp-json\/wp\/v2\/types\/product"}],"wp:featuredmedia":[{"embeddable":true,"href":"https:\/\/mgvpublications.com\/de\/wp-json\/wp\/v2\/media\/17163"}],"wp:attachment":[{"href":"https:\/\/mgvpublications.com\/de\/wp-json\/wp\/v2\/media?parent=17162"}],"wp:term":[{"taxonomy":"product_cat","embeddable":true,"href":"https:\/\/mgvpublications.com\/de\/wp-json\/wp\/v2\/product_cat?post=17162"},{"taxonomy":"product_tag","embeddable":true,"href":"https:\/\/mgvpublications.com\/de\/wp-json\/wp\/v2\/product_tag?post=17162"},{"taxonomy":"item","embeddable":true,"href":"https:\/\/mgvpublications.com\/de\/wp-json\/wp\/v2\/item?post=17162"}],"curies":[{"name":"wp","href":"https:\/\/api.w.org\/{rel}","templated":true}]}}