{"id":17158,"date":"2021-01-26T00:27:40","date_gmt":"2021-01-25T23:27:40","guid":{"rendered":"https:\/\/dev2.mgvpublications.com\/?post_type=product&#038;p=17158"},"modified":"2022-03-08T22:50:02","modified_gmt":"2022-03-08T21:50:02","slug":"eglenceli-bilim-mevsimler","status":"publish","type":"product","link":"https:\/\/mgvpublications.com\/de\/eglenceli-bilim-mevsimler\/","title":{"rendered":"E\u011flenceli Bilim &#8211; Mevsimler"},"content":{"rendered":"<div>\u00c7evirmen: Ay\u00e7a Sabuncuo\u011flu<\/div>\n<div>Yay\u0131n Tarihi: 26.09.2019<\/div>\n<div>ISBN: 9786053605737<\/div>\n<div>Dil: T\u00dcRK\u00c7E<\/div>\n<div>Sayfa Say\u0131s\u0131: 24<\/div>\n<div>Cilt Tipi: Karton Kapak<\/div>\n<div>Ka\u011f\u0131t Cinsi: Ku\u015fe Ka\u011f\u0131t<\/div>\n<div>Boyut: 22 x 22 cm<\/div>","protected":false},"excerpt":{"rendered":"<p>Mevsimler ya\u015fant\u0131m\u0131za do\u011frudan etki eden do\u011fa olaylar\u0131d\u0131r. Her mevsim \u00e7ok g\u00fczeldir. Gaye ve Da\u011fhan ile mevsimleri yak\u0131ndan inceleyin.<\/p>","protected":false},"featured_media":17159,"template":"","meta":{"spay_email":""},"product_cat":[172],"product_tag":[],"item":[336],"acf":[],"_links":{"self":[{"href":"https:\/\/mgvpublications.com\/de\/wp-json\/wp\/v2\/product\/17158"}],"collection":[{"href":"https:\/\/mgvpublications.com\/de\/wp-json\/wp\/v2\/product"}],"about":[{"href":"https:\/\/mgvpublications.com\/de\/wp-json\/wp\/v2\/types\/product"}],"wp:featuredmedia":[{"embeddable":true,"href":"https:\/\/mgvpublications.com\/de\/wp-json\/wp\/v2\/media\/17159"}],"wp:attachment":[{"href":"https:\/\/mgvpublications.com\/de\/wp-json\/wp\/v2\/media?parent=17158"}],"wp:term":[{"taxonomy":"product_cat","embeddable":true,"href":"https:\/\/mgvpublications.com\/de\/wp-json\/wp\/v2\/product_cat?post=17158"},{"taxonomy":"product_tag","embeddable":true,"href":"https:\/\/mgvpublications.com\/de\/wp-json\/wp\/v2\/product_tag?post=17158"},{"taxonomy":"item","embeddable":true,"href":"https:\/\/mgvpublications.com\/de\/wp-json\/wp\/v2\/item?post=17158"}],"curies":[{"name":"wp","href":"https:\/\/api.w.org\/{rel}","templated":true}]}}