{"id":17156,"date":"2021-01-26T00:26:17","date_gmt":"2021-01-25T23:26:17","guid":{"rendered":"https:\/\/dev2.mgvpublications.com\/?post_type=product&#038;p=17156"},"modified":"2022-03-08T22:50:02","modified_gmt":"2022-03-08T21:50:02","slug":"hava-durumu-eglenceli-bilim","status":"publish","type":"product","link":"https:\/\/mgvpublications.com\/de\/hava-durumu-eglenceli-bilim\/","title":{"rendered":"Hava Durumu \/ E\u011flenceli Bilim"},"content":{"rendered":"<div>\u00c7evirmen: Ay\u00e7a Sabuncuo\u011flu<\/div>\n<div>Yay\u0131n Tarihi: 16.04.2019<\/div>\n<div>ISBN: 9786053605713<\/div>\n<div>Dil: T\u00dcRK\u00c7E<\/div>\n<div>Sayfa Say\u0131s\u0131: 24<\/div>\n<div>Cilt Tipi: Karton Kapak<\/div>\n<div>Ka\u011f\u0131t Cinsi: Ku\u015fe Ka\u011f\u0131t<\/div>\n<div>Boyut: 22 x 22 cm<\/div>","protected":false},"excerpt":{"rendered":"<p>ava durumu g\u00fcnl\u00fck ya\u015fam\u0131m\u0131zda \u00e7ok \u00f6nemlidir.<br \/>\nSabah k\u0131yafetlerimizi giyerken, yolculuklar\u0131m\u0131z\u0131 planlarken ya da bir etkinlik d\u00fczenlerken mutlaka hava durumunu kontrol ederiz. \u00c7ift\u00e7iler, denizciler ve yolcular i\u00e7in hava durumu \u00e7ok daha \u00f6nemlidir.<br \/>\nBu ilgin\u00e7 kitapta, hava durumuyla ilgili merak etti\u011finiz her \u015feyi bulabilirsiniz.<\/p>","protected":false},"featured_media":17157,"template":"","meta":{"spay_email":""},"product_cat":[172],"product_tag":[],"item":[336],"acf":[],"_links":{"self":[{"href":"https:\/\/mgvpublications.com\/de\/wp-json\/wp\/v2\/product\/17156"}],"collection":[{"href":"https:\/\/mgvpublications.com\/de\/wp-json\/wp\/v2\/product"}],"about":[{"href":"https:\/\/mgvpublications.com\/de\/wp-json\/wp\/v2\/types\/product"}],"wp:featuredmedia":[{"embeddable":true,"href":"https:\/\/mgvpublications.com\/de\/wp-json\/wp\/v2\/media\/17157"}],"wp:attachment":[{"href":"https:\/\/mgvpublications.com\/de\/wp-json\/wp\/v2\/media?parent=17156"}],"wp:term":[{"taxonomy":"product_cat","embeddable":true,"href":"https:\/\/mgvpublications.com\/de\/wp-json\/wp\/v2\/product_cat?post=17156"},{"taxonomy":"product_tag","embeddable":true,"href":"https:\/\/mgvpublications.com\/de\/wp-json\/wp\/v2\/product_tag?post=17156"},{"taxonomy":"item","embeddable":true,"href":"https:\/\/mgvpublications.com\/de\/wp-json\/wp\/v2\/item?post=17156"}],"curies":[{"name":"wp","href":"https:\/\/api.w.org\/{rel}","templated":true}]}}