{"id":17150,"date":"2021-01-25T23:53:48","date_gmt":"2021-01-25T22:53:48","guid":{"rendered":"https:\/\/dev2.mgvpublications.com\/?post_type=product&#038;p=17150"},"modified":"2022-03-08T22:50:02","modified_gmt":"2022-03-08T21:50:02","slug":"ciftlik-oykuleri-huysuz-keci","status":"publish","type":"product","link":"https:\/\/mgvpublications.com\/de\/ciftlik-oykuleri-huysuz-keci\/","title":{"rendered":"\u00c7iftlik \u00d6yk\u00fcleri &#8211; Huysuz Ke\u00e7i"},"content":{"rendered":"<div>\u00c7evirmen: Sevgi Atl\u0131han<\/div>\n<div>Yay\u0131n Tarihi: 24.07.2019<\/div>\n<div>ISBN: 9786053609162<\/div>\n<div>Dil: T\u00dcRK\u00c7E<\/div>\n<div>Sayfa Say\u0131s\u0131: 16<\/div>\n<div>Cilt Tipi: Karton Kapak<\/div>\n<div>Ka\u011f\u0131t Cinsi: Ku\u015fe Ka\u011f\u0131t<\/div>\n<div>Boyut: 22 x 22 cm<\/div>","protected":false},"excerpt":{"rendered":"<p>Ege ile \u0130nci\u2019nin a\u011f\u0131l\u0131 temizlemesi gerekiyor. Ancak ke\u00e7i S\u00fctla. a\u011f\u0131la girmeye<br \/>\n\u00e7al\u0131\u015fanlar\u0131 koval\u0131yor ve tos vuruyor. Acaba \u00e7ocuklar, S\u00fctla.\u2019\u0131 ikna edip,a\u011f\u0131l\u0131 temizlemeyi ba\u015farabilecekler mi?<\/p>\n<p>E\u011flenceli resimlerle s\u00fcslenmi\u015f harika bir maceran\u0131n anlat\u0131ld\u0131\u011f\u0131 bu kitap, okumay\u0131 yeni \u00f6\u011frenen ya da \u00f6\u011frenmeye ba\u015flayan \u00e7ocuklar i\u00e7in haz\u0131rlanm\u0131\u015ft\u0131r.<br \/>\nAyr\u0131ca g\u00fczel \u00f6yk\u00fcleri seven minikler de bu kitaba bay\u0131lacak.<\/p>","protected":false},"featured_media":17151,"template":"","meta":{"spay_email":""},"product_cat":[172],"product_tag":[],"item":[336],"acf":[],"_links":{"self":[{"href":"https:\/\/mgvpublications.com\/de\/wp-json\/wp\/v2\/product\/17150"}],"collection":[{"href":"https:\/\/mgvpublications.com\/de\/wp-json\/wp\/v2\/product"}],"about":[{"href":"https:\/\/mgvpublications.com\/de\/wp-json\/wp\/v2\/types\/product"}],"wp:featuredmedia":[{"embeddable":true,"href":"https:\/\/mgvpublications.com\/de\/wp-json\/wp\/v2\/media\/17151"}],"wp:attachment":[{"href":"https:\/\/mgvpublications.com\/de\/wp-json\/wp\/v2\/media?parent=17150"}],"wp:term":[{"taxonomy":"product_cat","embeddable":true,"href":"https:\/\/mgvpublications.com\/de\/wp-json\/wp\/v2\/product_cat?post=17150"},{"taxonomy":"product_tag","embeddable":true,"href":"https:\/\/mgvpublications.com\/de\/wp-json\/wp\/v2\/product_tag?post=17150"},{"taxonomy":"item","embeddable":true,"href":"https:\/\/mgvpublications.com\/de\/wp-json\/wp\/v2\/item?post=17150"}],"curies":[{"name":"wp","href":"https:\/\/api.w.org\/{rel}","templated":true}]}}