{"id":17146,"date":"2021-01-25T23:51:24","date_gmt":"2021-01-25T22:51:24","guid":{"rendered":"https:\/\/dev2.mgvpublications.com\/?post_type=product&#038;p=17146"},"modified":"2022-03-08T22:50:02","modified_gmt":"2022-03-08T21:50:02","slug":"super-yildiz-inek","status":"publish","type":"product","link":"https:\/\/mgvpublications.com\/de\/super-yildiz-inek\/","title":{"rendered":"S\u00fcper Y\u0131ld\u0131z \u0130nek"},"content":{"rendered":"<div>\u00c7evirmen: Erkan \u00dcnal<\/div>\n<div>Yay\u0131n Tarihi: 02.07.2020<\/div>\n<div>Orijinal Ad\u0131: Superstar Cow<\/div>\n<div>ISBN: 9786257070065<\/div>\n<div>Dil: T\u00dcRK\u00c7E<\/div>\n<div>Sayfa Say\u0131s\u0131: 24<\/div>\n<div>Cilt Tipi: Karton Kapak<\/div>\n<div>Ka\u011f\u0131t Cinsi: Ku\u015fe Ka\u011f\u0131t<\/div>\n<div>Boyut: 25 x 25 cm<\/div>","protected":false},"excerpt":{"rendered":"<p>Yetenekleri fark edileninek Mimi bir televizyon reklam\u0131nda oynayacak\u2026<br \/>\nPeki ama \u015fi mdi nerede?<\/p>\n<p>Ah\u0131rlarda, \u00e7ay\u0131rda ve k\u00fcmeste Mimi\u2019yi arayan \u00c7ift\u00e7i Ali\u2019nin pe\u015fine d\u00fc\u015felim. \u00c7\u0131lg\u0131n atlar\u0131n, ciyaklayan tavuklar\u0131n ve kafas\u0131 fena halde kar\u0131\u015f\u0131k bir \u00e7ift\u00e7inin oldu\u011fubu \u00f6yk\u00fcde, \u00e7iftlikte ge\u00e7en e\u011flenceli bir maceraya haz\u0131r olun.<\/p>","protected":false},"featured_media":17147,"template":"","meta":{"spay_email":""},"product_cat":[172],"product_tag":[],"item":[336],"acf":[],"_links":{"self":[{"href":"https:\/\/mgvpublications.com\/de\/wp-json\/wp\/v2\/product\/17146"}],"collection":[{"href":"https:\/\/mgvpublications.com\/de\/wp-json\/wp\/v2\/product"}],"about":[{"href":"https:\/\/mgvpublications.com\/de\/wp-json\/wp\/v2\/types\/product"}],"wp:featuredmedia":[{"embeddable":true,"href":"https:\/\/mgvpublications.com\/de\/wp-json\/wp\/v2\/media\/17147"}],"wp:attachment":[{"href":"https:\/\/mgvpublications.com\/de\/wp-json\/wp\/v2\/media?parent=17146"}],"wp:term":[{"taxonomy":"product_cat","embeddable":true,"href":"https:\/\/mgvpublications.com\/de\/wp-json\/wp\/v2\/product_cat?post=17146"},{"taxonomy":"product_tag","embeddable":true,"href":"https:\/\/mgvpublications.com\/de\/wp-json\/wp\/v2\/product_tag?post=17146"},{"taxonomy":"item","embeddable":true,"href":"https:\/\/mgvpublications.com\/de\/wp-json\/wp\/v2\/item?post=17146"}],"curies":[{"name":"wp","href":"https:\/\/api.w.org\/{rel}","templated":true}]}}