{"id":17142,"date":"2021-01-25T23:48:55","date_gmt":"2021-01-25T22:48:55","guid":{"rendered":"https:\/\/dev2.mgvpublications.com\/?post_type=product&#038;p=17142"},"modified":"2022-03-08T22:50:00","modified_gmt":"2022-03-08T21:50:00","slug":"macera-masallari","status":"publish","type":"product","link":"https:\/\/mgvpublications.com\/de\/macera-masallari\/","title":{"rendered":"Macera Masallar\u0131"},"content":{"rendered":"<div>\u00c7evirmen: Erkan \u00dcnal<\/div>\n<div>Yay\u0131n Tarihi: 17.03.2020<\/div>\n<div>Orijinal Ad\u0131: Adventure Tales<\/div>\n<div>ISBN: 9786257070089<\/div>\n<div>Dil: T\u00dcRK\u00c7E<\/div>\n<div>Sayfa Say\u0131s\u0131: 24<\/div>\n<div>Cilt Tipi: Karton Kapak<\/div>\n<div>Ka\u011f\u0131t Cinsi: Ku\u015fe Ka\u011f\u0131t<\/div>\n<div>Boyut: 25 x 25 cm<\/div>","protected":false},"excerpt":{"rendered":"<p>nsanlar\u0131 ve binalar\u0131 kurtarmak i\u00e7in ko\u015fturan bir itfaiyeci, heyecan dolu bir ser\u00fcven i\u00e7in yola koyulan bir korsan ya da demiryolunda h\u0131zla ilerleyen bir makinist olmak nas\u0131l bir \u015fey?<br \/>\n\u00d6\u011frenmek i\u00e7in hemen elinizdeki ki tab\u0131n sayfalar\u0131n\u0131 \u00e7evirmeye ba\u015flay\u0131n, macera masallar\u0131 ba\u015fl\u0131yor!<\/p>","protected":false},"featured_media":17143,"template":"","meta":{"spay_email":""},"product_cat":[172],"product_tag":[],"item":[336],"acf":[],"_links":{"self":[{"href":"https:\/\/mgvpublications.com\/de\/wp-json\/wp\/v2\/product\/17142"}],"collection":[{"href":"https:\/\/mgvpublications.com\/de\/wp-json\/wp\/v2\/product"}],"about":[{"href":"https:\/\/mgvpublications.com\/de\/wp-json\/wp\/v2\/types\/product"}],"wp:featuredmedia":[{"embeddable":true,"href":"https:\/\/mgvpublications.com\/de\/wp-json\/wp\/v2\/media\/17143"}],"wp:attachment":[{"href":"https:\/\/mgvpublications.com\/de\/wp-json\/wp\/v2\/media?parent=17142"}],"wp:term":[{"taxonomy":"product_cat","embeddable":true,"href":"https:\/\/mgvpublications.com\/de\/wp-json\/wp\/v2\/product_cat?post=17142"},{"taxonomy":"product_tag","embeddable":true,"href":"https:\/\/mgvpublications.com\/de\/wp-json\/wp\/v2\/product_tag?post=17142"},{"taxonomy":"item","embeddable":true,"href":"https:\/\/mgvpublications.com\/de\/wp-json\/wp\/v2\/item?post=17142"}],"curies":[{"name":"wp","href":"https:\/\/api.w.org\/{rel}","templated":true}]}}