{"id":17139,"date":"2021-01-25T23:47:36","date_gmt":"2021-01-25T22:47:36","guid":{"rendered":"https:\/\/dev2.mgvpublications.com\/?post_type=product&#038;p=17139"},"modified":"2022-03-08T22:50:00","modified_gmt":"2022-03-08T21:50:00","slug":"canim-dedecigim","status":"publish","type":"product","link":"https:\/\/mgvpublications.com\/de\/canim-dedecigim\/","title":{"rendered":"Can\u0131m Dedeci\u011fim"},"content":{"rendered":"<div>\u00c7evirmen: An\u0131l Ceren Altunkanat<\/div>\n<div>Yay\u0131n Tarihi: 15.11.2018<\/div>\n<div>ISBN: 9786052956182<\/div>\n<div>Dil: T\u00dcRK\u00c7E<\/div>\n<div>Sayfa Say\u0131s\u0131: 24<\/div>\n<div>Cilt Tipi: Karton Kapak<\/div>\n<div>Ka\u011f\u0131t Cinsi: Kitap Ka\u011f\u0131d\u0131<\/div>\n<div>Boyut: 25 x 25 cm<\/div>","protected":false},"excerpt":{"rendered":"<p>Dede ay\u0131 ve onu \u00e7ok seven torununun ne\u015feli kahkahalar\u0131na ve birbirinden e\u011flenceli maceralar\u0131na kat\u0131lmak ister misiniz? Bir g\u00fcn bal\u0131k tutuyor, bir g\u00fcn havuzda oynuyorlar. U\u00e7urtma u\u00e7uruyor, parkta piknik yap\u0131yorlar! Dede ay\u0131 ve torunu birlikte harika zaman ge\u00e7iriyorlar!<\/p>","protected":false},"featured_media":17140,"template":"","meta":{"spay_email":""},"product_cat":[172],"product_tag":[],"item":[336],"acf":[],"_links":{"self":[{"href":"https:\/\/mgvpublications.com\/de\/wp-json\/wp\/v2\/product\/17139"}],"collection":[{"href":"https:\/\/mgvpublications.com\/de\/wp-json\/wp\/v2\/product"}],"about":[{"href":"https:\/\/mgvpublications.com\/de\/wp-json\/wp\/v2\/types\/product"}],"wp:featuredmedia":[{"embeddable":true,"href":"https:\/\/mgvpublications.com\/de\/wp-json\/wp\/v2\/media\/17140"}],"wp:attachment":[{"href":"https:\/\/mgvpublications.com\/de\/wp-json\/wp\/v2\/media?parent=17139"}],"wp:term":[{"taxonomy":"product_cat","embeddable":true,"href":"https:\/\/mgvpublications.com\/de\/wp-json\/wp\/v2\/product_cat?post=17139"},{"taxonomy":"product_tag","embeddable":true,"href":"https:\/\/mgvpublications.com\/de\/wp-json\/wp\/v2\/product_tag?post=17139"},{"taxonomy":"item","embeddable":true,"href":"https:\/\/mgvpublications.com\/de\/wp-json\/wp\/v2\/item?post=17139"}],"curies":[{"name":"wp","href":"https:\/\/api.w.org\/{rel}","templated":true}]}}