{"id":17133,"date":"2021-01-25T23:43:02","date_gmt":"2021-01-25T22:43:02","guid":{"rendered":"https:\/\/dev2.mgvpublications.com\/?post_type=product&#038;p=17133"},"modified":"2022-03-08T22:49:59","modified_gmt":"2022-03-08T21:49:59","slug":"kaplanin-pesinde","status":"publish","type":"product","link":"https:\/\/mgvpublications.com\/de\/kaplanin-pesinde\/","title":{"rendered":"Kaplan\u0131n Pe\u015finde"},"content":{"rendered":"<div>\u00c7evirmen: \u00dclker Y\u0131ld\u0131r\u0131mcan<\/div>\n<div>Yay\u0131n Tarihi: 03.12.2019<\/div>\n<div>Orijinal Ad\u0131: Follow that Tiger<\/div>\n<div>ISBN: 9786052959961<\/div>\n<div>Dil: T\u00dcRK\u00c7E<\/div>\n<div>Sayfa Say\u0131s\u0131: 24<\/div>\n<div>Cilt Tipi: Karton Kapak<\/div>\n<div>Ka\u011f\u0131t Cinsi: Kitap Ka\u011f\u0131d\u0131<\/div>\n<div>Boyut: 25 x 25 cm<\/div>","protected":false},"excerpt":{"rendered":"<p>Ormanda gizlice gezinen de kim?<br \/>\nYoksa KAPLAN m\u0131?<br \/>\nBak\u0131n! Otlar\u0131n aras\u0131nda ko\u015fuyor, nehre dal\u0131yor, en y\u00fcksek a\u011fa\u00e7lara t\u0131rman\u0131yor, \u00e7izgili kuyru\u011funu sall\u0131yor. Bakal\u0131m bu harika kitab\u0131n resimli sayfalar\u0131nda kaplan\u0131 bulabilecek misiniz?<br \/>\n\u00c7abuk! Yine kay\u0131plara kar\u0131\u015fmadan \u00f6nce onu hemen yakalay\u0131n.<\/p>","protected":false},"featured_media":17134,"template":"","meta":{"spay_email":""},"product_cat":[172],"product_tag":[],"item":[336],"acf":[],"_links":{"self":[{"href":"https:\/\/mgvpublications.com\/de\/wp-json\/wp\/v2\/product\/17133"}],"collection":[{"href":"https:\/\/mgvpublications.com\/de\/wp-json\/wp\/v2\/product"}],"about":[{"href":"https:\/\/mgvpublications.com\/de\/wp-json\/wp\/v2\/types\/product"}],"wp:featuredmedia":[{"embeddable":true,"href":"https:\/\/mgvpublications.com\/de\/wp-json\/wp\/v2\/media\/17134"}],"wp:attachment":[{"href":"https:\/\/mgvpublications.com\/de\/wp-json\/wp\/v2\/media?parent=17133"}],"wp:term":[{"taxonomy":"product_cat","embeddable":true,"href":"https:\/\/mgvpublications.com\/de\/wp-json\/wp\/v2\/product_cat?post=17133"},{"taxonomy":"product_tag","embeddable":true,"href":"https:\/\/mgvpublications.com\/de\/wp-json\/wp\/v2\/product_tag?post=17133"},{"taxonomy":"item","embeddable":true,"href":"https:\/\/mgvpublications.com\/de\/wp-json\/wp\/v2\/item?post=17133"}],"curies":[{"name":"wp","href":"https:\/\/api.w.org\/{rel}","templated":true}]}}