{"id":17129,"date":"2021-01-25T23:39:30","date_gmt":"2021-01-25T22:39:30","guid":{"rendered":"https:\/\/dev2.mgvpublications.com\/?post_type=product&#038;p=17129"},"modified":"2022-03-08T22:49:59","modified_gmt":"2022-03-08T21:49:59","slug":"kumesteki-buyuk-gizem","status":"publish","type":"product","link":"https:\/\/mgvpublications.com\/de\/kumesteki-buyuk-gizem\/","title":{"rendered":"K\u00fcmesteki B\u00fcy\u00fck Gizem"},"content":{"rendered":"<div>\u00c7evirmen: An\u0131l Ceren Altunkanat<\/div>\n<div>Yay\u0131n Tarihi: 15.11.2018<\/div>\n<div>Orijinal Ad\u0131: The Great Chicken Mystery<\/div>\n<div>ISBN: 9786052956151<\/div>\n<div>Dil: T\u00dcRK\u00c7E<\/div>\n<div>Sayfa Say\u0131s\u0131: 24<\/div>\n<div>Cilt Tipi: Karton Kapak<\/div>\n<div>Ka\u011f\u0131t Cinsi: Ku\u015fe Ka\u011f\u0131t<\/div>\n<div>Boyut: 25 x 25 cm<\/div>","protected":false},"excerpt":{"rendered":"<p>Mutlu Dam \u00c7iftli\u011fi\u2019nde tavuklar gizemli bir \u015fekilde ortadan kayboluyor! Zavall\u0131 Tilki, \u00c7ift\u00e7i Ali\u2019nin tavuklar\u0131n\u0131 \u00e7almakla su\u00e7lan\u0131nca i\u015f ba\u015fa d\u00fc\u015ft\u00fc. Tilki bu gizemi \u00e7\u00f6zmeli, ad\u0131n\u0131 temizlemeliydi. Su\u00e7luyu bulmak i\u00e7in geceyi bekleyip k\u00fcmese s\u00fcz\u00fcld\u00fc\u2026 Ama k\u00fcmeste onu b\u00fcy\u00fck bir s\u00fcrpriz bekliyordu!<\/p>","protected":false},"featured_media":17130,"template":"","meta":{"spay_email":""},"product_cat":[172],"product_tag":[],"item":[336],"acf":[],"_links":{"self":[{"href":"https:\/\/mgvpublications.com\/de\/wp-json\/wp\/v2\/product\/17129"}],"collection":[{"href":"https:\/\/mgvpublications.com\/de\/wp-json\/wp\/v2\/product"}],"about":[{"href":"https:\/\/mgvpublications.com\/de\/wp-json\/wp\/v2\/types\/product"}],"wp:featuredmedia":[{"embeddable":true,"href":"https:\/\/mgvpublications.com\/de\/wp-json\/wp\/v2\/media\/17130"}],"wp:attachment":[{"href":"https:\/\/mgvpublications.com\/de\/wp-json\/wp\/v2\/media?parent=17129"}],"wp:term":[{"taxonomy":"product_cat","embeddable":true,"href":"https:\/\/mgvpublications.com\/de\/wp-json\/wp\/v2\/product_cat?post=17129"},{"taxonomy":"product_tag","embeddable":true,"href":"https:\/\/mgvpublications.com\/de\/wp-json\/wp\/v2\/product_tag?post=17129"},{"taxonomy":"item","embeddable":true,"href":"https:\/\/mgvpublications.com\/de\/wp-json\/wp\/v2\/item?post=17129"}],"curies":[{"name":"wp","href":"https:\/\/api.w.org\/{rel}","templated":true}]}}