{"id":17127,"date":"2021-01-25T23:38:28","date_gmt":"2021-01-25T22:38:28","guid":{"rendered":"https:\/\/dev2.mgvpublications.com\/?post_type=product&#038;p=17127"},"modified":"2022-03-08T22:49:59","modified_gmt":"2022-03-08T21:49:59","slug":"dedektif-can-ve-kayip-kurabiye-olayi","status":"publish","type":"product","link":"https:\/\/mgvpublications.com\/de\/dedektif-can-ve-kayip-kurabiye-olayi\/","title":{"rendered":"Dedektif Can ve Kay\u0131p Kurabiye Olay\u0131"},"content":{"rendered":"<div>\u00c7evirmen: Sevgi Atl\u0131han<\/div>\n<div>Yay\u0131n Tarihi: 02.04.2018<\/div>\n<div>Orijinal Ad\u0131: Detective Ted and the Case of the Missing Cookies<\/div>\n<div>ISBN: 9786053327974<\/div>\n<div>Dil: T\u00dcRK\u00c7E<\/div>\n<div>Sayfa Say\u0131s\u0131: 24<\/div>\n<div>Cilt Tipi: Karton Kapak<\/div>\n<div>Ka\u011f\u0131t Cinsi: Ku\u015fe Ka\u011f\u0131t<\/div>\n<div>Boyut: 22 x 27 cm<\/div>","protected":false},"excerpt":{"rendered":"<p>Evde gizemli olaylar meydana geliyor ve kurabiyeler kayboluyordu. Gizemi \u00e7\u00f6zebilecek tek ki\u015fi olan Dedektif Can hemen kollar\u0131 s\u0131vad\u0131.<br \/>\nBa\u015fka \u015feyler de kaybolmaya ba\u015flamadan \u00f6nce delilleri incelemek ve kay\u0131p kurabiyelere ne oldu\u011funu bulmak i\u00e7in harekete ge\u00e7ti.<br \/>\nMinik okurlar Can&#8217;la birlikte delillerin pe\u015finde ko\u015farken hem \u00e7ok e\u011flenecek, hem de neden sonu\u00e7 ili\u015fkisi kurabilmeyi \u00f6\u011frenecekler.<\/p>","protected":false},"featured_media":17128,"template":"","meta":{"spay_email":""},"product_cat":[172],"product_tag":[],"item":[336],"acf":[],"_links":{"self":[{"href":"https:\/\/mgvpublications.com\/de\/wp-json\/wp\/v2\/product\/17127"}],"collection":[{"href":"https:\/\/mgvpublications.com\/de\/wp-json\/wp\/v2\/product"}],"about":[{"href":"https:\/\/mgvpublications.com\/de\/wp-json\/wp\/v2\/types\/product"}],"wp:featuredmedia":[{"embeddable":true,"href":"https:\/\/mgvpublications.com\/de\/wp-json\/wp\/v2\/media\/17128"}],"wp:attachment":[{"href":"https:\/\/mgvpublications.com\/de\/wp-json\/wp\/v2\/media?parent=17127"}],"wp:term":[{"taxonomy":"product_cat","embeddable":true,"href":"https:\/\/mgvpublications.com\/de\/wp-json\/wp\/v2\/product_cat?post=17127"},{"taxonomy":"product_tag","embeddable":true,"href":"https:\/\/mgvpublications.com\/de\/wp-json\/wp\/v2\/product_tag?post=17127"},{"taxonomy":"item","embeddable":true,"href":"https:\/\/mgvpublications.com\/de\/wp-json\/wp\/v2\/item?post=17127"}],"curies":[{"name":"wp","href":"https:\/\/api.w.org\/{rel}","templated":true}]}}