{"id":17125,"date":"2021-01-25T23:37:26","date_gmt":"2021-01-25T22:37:26","guid":{"rendered":"https:\/\/dev2.mgvpublications.com\/?post_type=product&#038;p=17125"},"modified":"2022-03-08T22:49:59","modified_gmt":"2022-03-08T21:49:59","slug":"yeni-evde","status":"publish","type":"product","link":"https:\/\/mgvpublications.com\/de\/yeni-evde\/","title":{"rendered":"Yeni Evde"},"content":{"rendered":"<div>\u00c7evirmen: Meryem Karada\u011f<\/div>\n<div>Yay\u0131n Tarihi: 18.05.2018<\/div>\n<div>ISBN: 9786053122135<\/div>\n<div>Dil: T\u00dcRK\u00c7E<\/div>\n<div>Sayfa Say\u0131s\u0131: 18<\/div>\n<div>Cilt Tipi: Karton Kapak<\/div>\n<div>Ka\u011f\u0131t Cinsi: Kitap Ka\u011f\u0131d\u0131<\/div>\n<div>Boyut: 21 x 21 cm<\/div>","protected":false},"excerpt":{"rendered":"<p>Bu kitapta yeni bir eve ta\u015f\u0131n\u0131rken bir \u00e7ocu\u011fun nelerle kar\u015f\u0131la\u015fabilece\u011fi 2 ya\u015f \u00fczeri \u00e7ocuklara uygun ve a\u00e7\u0131k bir dille anlat\u0131l\u0131yor. T\u00fcm e\u015fyalar\u0131n toplan\u0131p paketlenmesinden yeni evlerine yerle\u015fmelerine kadar b\u00fct\u00fcn s\u00fcre\u00e7ten bahsediliyor. \u00c7ocuklar\u0131n uzun uzun bakabilece\u011fi, bir \u015feyler \u00f6\u011frenebilece\u011fi ve \u00fczerinde konu\u015fabilece\u011fi ayr\u0131nt\u0131larla dolu esprili resimler, kitab\u0131 daha da ilgi \u00e7ekici hale getiriyor.<\/p>","protected":false},"featured_media":17126,"template":"","meta":{"spay_email":""},"product_cat":[172],"product_tag":[],"item":[1123],"acf":[],"_links":{"self":[{"href":"https:\/\/mgvpublications.com\/de\/wp-json\/wp\/v2\/product\/17125"}],"collection":[{"href":"https:\/\/mgvpublications.com\/de\/wp-json\/wp\/v2\/product"}],"about":[{"href":"https:\/\/mgvpublications.com\/de\/wp-json\/wp\/v2\/types\/product"}],"wp:featuredmedia":[{"embeddable":true,"href":"https:\/\/mgvpublications.com\/de\/wp-json\/wp\/v2\/media\/17126"}],"wp:attachment":[{"href":"https:\/\/mgvpublications.com\/de\/wp-json\/wp\/v2\/media?parent=17125"}],"wp:term":[{"taxonomy":"product_cat","embeddable":true,"href":"https:\/\/mgvpublications.com\/de\/wp-json\/wp\/v2\/product_cat?post=17125"},{"taxonomy":"product_tag","embeddable":true,"href":"https:\/\/mgvpublications.com\/de\/wp-json\/wp\/v2\/product_tag?post=17125"},{"taxonomy":"item","embeddable":true,"href":"https:\/\/mgvpublications.com\/de\/wp-json\/wp\/v2\/item?post=17125"}],"curies":[{"name":"wp","href":"https:\/\/api.w.org\/{rel}","templated":true}]}}