{"id":17123,"date":"2021-01-25T23:36:15","date_gmt":"2021-01-25T22:36:15","guid":{"rendered":"https:\/\/dev2.mgvpublications.com\/?post_type=product&#038;p=17123"},"modified":"2022-03-08T22:49:59","modified_gmt":"2022-03-08T21:49:59","slug":"ciftlik-oykuleri-supriz-ziyaretciler","status":"publish","type":"product","link":"https:\/\/mgvpublications.com\/de\/ciftlik-oykuleri-supriz-ziyaretciler\/","title":{"rendered":"\u00c7iftlik \u00d6yk\u00fcleri &#8211; S\u00fcpriz Ziyaret\u00e7iler"},"content":{"rendered":"<div>\u00c7evirmen: Sevgi Atl\u0131han<\/div>\n<div>Yay\u0131n Tarihi: 04.01.2019<\/div>\n<div>ISBN: 9786053608417<\/div>\n<div>Dil: T\u00dcRK\u00c7E<\/div>\n<div>Sayfa Say\u0131s\u0131: 16<\/div>\n<div>Cilt Tipi: Karton Kapak<\/div>\n<div>Ka\u011f\u0131t Cinsi: Ku\u015fe Ka\u011f\u0131t<\/div>\n<div>Boyut: 22 x 22 cm<\/div>","protected":false},"excerpt":{"rendered":"<p>G\u00fczel bir Cumartesi sabah\u0131, \u0130nci ile Ege kahvalt\u0131 sofras\u0131nda keyif yaparken, d\u0131\u015far\u0131dan tuhaf sesler geldi. \u0130nekler bir \u015feyden korkmu\u015f gibiydi. \u00c7ocuklar d\u0131\u015far\u0131 \u00e7\u0131kt\u0131klar\u0131nda g\u00f6zlerine inanamad\u0131lar.<\/p>\n<p>Renkli resimlerle s\u00fcslenmi\u015f harika bir maceran\u0131n anlat\u0131ld\u0131\u011f\u0131 bu e\u011flenceli kitap, okumay\u0131 yeni \u00f6\u011frenen ya da \u00f6\u011frenmeye ba\u015flayan \u00e7ocuklar i\u00e7in haz\u0131rlanm\u0131\u015ft\u0131r.Ayr\u0131ca g\u00fczel \u00f6yk\u00fcleri seven minikler de bu kitaba bay\u0131lacak.<\/p>","protected":false},"featured_media":17124,"template":"","meta":{"spay_email":""},"product_cat":[172],"product_tag":[],"item":[336],"acf":[],"_links":{"self":[{"href":"https:\/\/mgvpublications.com\/de\/wp-json\/wp\/v2\/product\/17123"}],"collection":[{"href":"https:\/\/mgvpublications.com\/de\/wp-json\/wp\/v2\/product"}],"about":[{"href":"https:\/\/mgvpublications.com\/de\/wp-json\/wp\/v2\/types\/product"}],"wp:featuredmedia":[{"embeddable":true,"href":"https:\/\/mgvpublications.com\/de\/wp-json\/wp\/v2\/media\/17124"}],"wp:attachment":[{"href":"https:\/\/mgvpublications.com\/de\/wp-json\/wp\/v2\/media?parent=17123"}],"wp:term":[{"taxonomy":"product_cat","embeddable":true,"href":"https:\/\/mgvpublications.com\/de\/wp-json\/wp\/v2\/product_cat?post=17123"},{"taxonomy":"product_tag","embeddable":true,"href":"https:\/\/mgvpublications.com\/de\/wp-json\/wp\/v2\/product_tag?post=17123"},{"taxonomy":"item","embeddable":true,"href":"https:\/\/mgvpublications.com\/de\/wp-json\/wp\/v2\/item?post=17123"}],"curies":[{"name":"wp","href":"https:\/\/api.w.org\/{rel}","templated":true}]}}