{"id":17119,"date":"2021-01-25T23:34:04","date_gmt":"2021-01-25T22:34:04","guid":{"rendered":"https:\/\/dev2.mgvpublications.com\/?post_type=product&#038;p=17119"},"modified":"2022-03-08T22:49:57","modified_gmt":"2022-03-08T21:49:57","slug":"ciftlik-oykuleri-haylaz-kaz","status":"publish","type":"product","link":"https:\/\/mgvpublications.com\/de\/ciftlik-oykuleri-haylaz-kaz\/","title":{"rendered":"\u00c7iftlik \u00d6yk\u00fcleri &#8211; Haylaz Kaz"},"content":{"rendered":"<div>\u00c7evirmen: Sevgi Atl\u0131han<\/div>\n<div>Yay\u0131n Tarihi: 14.03.2019<\/div>\n<div>ISBN: 9786053609186<\/div>\n<div>Dil: T\u00dcRK\u00c7E<\/div>\n<div>Sayfa Say\u0131s\u0131: 16<\/div>\n<div>Cilt Tipi: Karton Kapak<\/div>\n<div>Ka\u011f\u0131t Cinsi: Ku\u015fe Ka\u011f\u0131t<\/div>\n<div>Boyut: 22 x 22 cm<\/div>","protected":false},"excerpt":{"rendered":"<p>\u0130nci ile Ege kasabadaki pazara gidecekleri i\u00e7in \u00e7ok heyecanl\u0131yd\u0131lar.<\/p>\n<p>Anneleri d\u00f6rt yeni kaz yavrusu almak istiyordu. Ancak kazlar\u0131 \u00e7iftli\u011fe gelmeye ikna etmek pek kolay olmayacakt\u0131.<br \/>\nE\u011flenceli resimlerle s\u00fcslenmi\u015f harika bir maceran\u0131n anlat\u0131ld\u0131\u011f\u0131 bu kitap, okumay\u0131 yeni \u00f6\u011frenen ya da \u00f6\u011frenmeye ba\u015flayan \u00e7ocuklar i\u00e7in haz\u0131rlanm\u0131\u015ft\u0131r.<\/p>\n<p>Ayr\u0131ca g\u00fczel \u00f6yk\u00fcleri seven minikler de bu kitaba bay\u0131lacak.<\/p>","protected":false},"featured_media":17120,"template":"","meta":{"spay_email":""},"product_cat":[172],"product_tag":[],"item":[336],"acf":[],"_links":{"self":[{"href":"https:\/\/mgvpublications.com\/de\/wp-json\/wp\/v2\/product\/17119"}],"collection":[{"href":"https:\/\/mgvpublications.com\/de\/wp-json\/wp\/v2\/product"}],"about":[{"href":"https:\/\/mgvpublications.com\/de\/wp-json\/wp\/v2\/types\/product"}],"wp:featuredmedia":[{"embeddable":true,"href":"https:\/\/mgvpublications.com\/de\/wp-json\/wp\/v2\/media\/17120"}],"wp:attachment":[{"href":"https:\/\/mgvpublications.com\/de\/wp-json\/wp\/v2\/media?parent=17119"}],"wp:term":[{"taxonomy":"product_cat","embeddable":true,"href":"https:\/\/mgvpublications.com\/de\/wp-json\/wp\/v2\/product_cat?post=17119"},{"taxonomy":"product_tag","embeddable":true,"href":"https:\/\/mgvpublications.com\/de\/wp-json\/wp\/v2\/product_tag?post=17119"},{"taxonomy":"item","embeddable":true,"href":"https:\/\/mgvpublications.com\/de\/wp-json\/wp\/v2\/item?post=17119"}],"curies":[{"name":"wp","href":"https:\/\/api.w.org\/{rel}","templated":true}]}}