{"id":17115,"date":"2021-01-25T23:31:20","date_gmt":"2021-01-25T22:31:20","guid":{"rendered":"https:\/\/dev2.mgvpublications.com\/?post_type=product&#038;p=17115"},"modified":"2022-03-08T22:49:57","modified_gmt":"2022-03-08T21:49:57","slug":"ciftlik-oykuleri-kahraman-itfaiyeciler","status":"publish","type":"product","link":"https:\/\/mgvpublications.com\/de\/ciftlik-oykuleri-kahraman-itfaiyeciler\/","title":{"rendered":"\u00c7iftlik \u00d6yk\u00fcleri &#8211; Kahraman \u0130tfaiyeciler"},"content":{"rendered":"<div>\u00c7evirmen: Sevgi Atl\u0131han<\/div>\n<div>Yay\u0131n Tarihi: 29.01.2019<\/div>\n<div>Orijinal Ad\u0131: Usborne Farmyard Tales &#8211; Barn On Fire<\/div>\n<div>ISBN: 9786053320265<\/div>\n<div>Dil: T\u00dcRK\u00c7E<\/div>\n<div>Sayfa Say\u0131s\u0131: 16<\/div>\n<div>Cilt Tipi: Karton Kapak<\/div>\n<div>Ka\u011f\u0131t Cinsi: Ku\u015fe Ka\u011f\u0131t<\/div>\n<div>Boyut: 22 x 22 cm<\/div>","protected":false},"excerpt":{"rendered":"<p>Ablas\u0131yla birlikte \u00e7iftlik i\u015flerine yard\u0131m eden Ege tuhaf bir koku ald\u0131. Sanki bir yerler yan\u0131yordu. K\u0131sa bir ara\u015ft\u0131rmadan sonra ambardan duman y\u00fckseldi\u011fini g\u00f6rd\u00fcler. Art\u0131k her \u015fey, pani\u011fe kap\u0131lmadan, h\u0131zl\u0131 ve ak\u0131ll\u0131 hareket etmelerine ba\u011fl\u0131yd\u0131. Renkli resimlerle s\u00fcslenmi\u015f harika bir maceran\u0131n anlat\u0131ld\u0131\u011f\u0131 bu e\u011flenceli kitap, okumay\u0131 yeni \u00f6\u011frenen ya da \u00f6\u011frenmeye \u00e7al\u0131\u015fan \u00e7ocuklar i\u00e7in haz\u0131rlanm\u0131\u015ft\u0131r. Ayr\u0131ca g\u00fczel \u00f6yk\u00fcleri seven minikler de bu kitaba bay\u0131lacakt\u0131r.<\/p>","protected":false},"featured_media":17116,"template":"","meta":{"spay_email":""},"product_cat":[172],"product_tag":[],"item":[336],"acf":[],"_links":{"self":[{"href":"https:\/\/mgvpublications.com\/de\/wp-json\/wp\/v2\/product\/17115"}],"collection":[{"href":"https:\/\/mgvpublications.com\/de\/wp-json\/wp\/v2\/product"}],"about":[{"href":"https:\/\/mgvpublications.com\/de\/wp-json\/wp\/v2\/types\/product"}],"wp:featuredmedia":[{"embeddable":true,"href":"https:\/\/mgvpublications.com\/de\/wp-json\/wp\/v2\/media\/17116"}],"wp:attachment":[{"href":"https:\/\/mgvpublications.com\/de\/wp-json\/wp\/v2\/media?parent=17115"}],"wp:term":[{"taxonomy":"product_cat","embeddable":true,"href":"https:\/\/mgvpublications.com\/de\/wp-json\/wp\/v2\/product_cat?post=17115"},{"taxonomy":"product_tag","embeddable":true,"href":"https:\/\/mgvpublications.com\/de\/wp-json\/wp\/v2\/product_tag?post=17115"},{"taxonomy":"item","embeddable":true,"href":"https:\/\/mgvpublications.com\/de\/wp-json\/wp\/v2\/item?post=17115"}],"curies":[{"name":"wp","href":"https:\/\/api.w.org\/{rel}","templated":true}]}}