{"id":17111,"date":"2021-01-25T23:28:34","date_gmt":"2021-01-25T22:28:34","guid":{"rendered":"https:\/\/dev2.mgvpublications.com\/?post_type=product&#038;p=17111"},"modified":"2022-03-08T22:49:57","modified_gmt":"2022-03-08T21:49:57","slug":"inci-cok-cesur","status":"publish","type":"product","link":"https:\/\/mgvpublications.com\/de\/inci-cok-cesur\/","title":{"rendered":"\u0130nci \u00c7ok Cesur"},"content":{"rendered":"<div>\u00c7evirmen: Aylin Gergin<\/div>\n<div>Yay\u0131n Tarihi: 22.02.2019<\/div>\n<div>Orijinal Ad\u0131: Jule traut sich! \u2013 Ein Mutmach-Buch<\/div>\n<div>ISBN: 9786052950173<\/div>\n<div>Dil: T\u00dcRK\u00c7E<\/div>\n<div>Sayfa Say\u0131s\u0131: 24<\/div>\n<div>Cilt Tipi: Karton Kapak<\/div>\n<div>Ka\u011f\u0131t Cinsi: Kitap Ka\u011f\u0131d\u0131<\/div>\n<div>Boyut: 22 x 22 cm<\/div>","protected":false},"excerpt":{"rendered":"<p>\u0130nci buna asla cesaret edemezdi! Yoksa edebilir miydi? Bu e\u011flenceli \u00f6yk\u00fc, \u00e7ocuklara korktuklar\u0131 bir durumla kar\u015f\u0131 kar\u015f\u0131ya kald\u0131klar\u0131 zaman, korkular\u0131yla nas\u0131l ba\u015f edebileceklerini anlat\u0131yor.<\/p>","protected":false},"featured_media":17112,"template":"","meta":{"spay_email":""},"product_cat":[172],"product_tag":[],"item":[336],"acf":[],"_links":{"self":[{"href":"https:\/\/mgvpublications.com\/de\/wp-json\/wp\/v2\/product\/17111"}],"collection":[{"href":"https:\/\/mgvpublications.com\/de\/wp-json\/wp\/v2\/product"}],"about":[{"href":"https:\/\/mgvpublications.com\/de\/wp-json\/wp\/v2\/types\/product"}],"wp:featuredmedia":[{"embeddable":true,"href":"https:\/\/mgvpublications.com\/de\/wp-json\/wp\/v2\/media\/17112"}],"wp:attachment":[{"href":"https:\/\/mgvpublications.com\/de\/wp-json\/wp\/v2\/media?parent=17111"}],"wp:term":[{"taxonomy":"product_cat","embeddable":true,"href":"https:\/\/mgvpublications.com\/de\/wp-json\/wp\/v2\/product_cat?post=17111"},{"taxonomy":"product_tag","embeddable":true,"href":"https:\/\/mgvpublications.com\/de\/wp-json\/wp\/v2\/product_tag?post=17111"},{"taxonomy":"item","embeddable":true,"href":"https:\/\/mgvpublications.com\/de\/wp-json\/wp\/v2\/item?post=17111"}],"curies":[{"name":"wp","href":"https:\/\/api.w.org\/{rel}","templated":true}]}}