{"id":17109,"date":"2021-01-25T23:27:22","date_gmt":"2021-01-25T22:27:22","guid":{"rendered":"https:\/\/dev2.mgvpublications.com\/?post_type=product&#038;p=17109"},"modified":"2022-03-08T22:49:57","modified_gmt":"2022-03-08T21:49:57","slug":"inci-saclarini-yikiyor-gozyasi-akitmadan-ilk-okuma-kitabim","status":"publish","type":"product","link":"https:\/\/mgvpublications.com\/de\/inci-saclarini-yikiyor-gozyasi-akitmadan-ilk-okuma-kitabim\/","title":{"rendered":"\u0130nci Sa\u00e7lar\u0131n\u0131 Y\u0131k\u0131yor G\u00f6zya\u015f\u0131 Ak\u0131tmadan! \/ \u0130lk Okuma Kitab\u0131m"},"content":{"rendered":"<div>\u00c7evirmen: Aylin Gergin<\/div>\n<div>Yay\u0131n Tarihi: 12.04.2018<\/div>\n<div>Orijinal Ad\u0131: Jule w\u00e4scht sich die Haare ohne Tr\u00e4nen!<\/div>\n<div>ISBN: 9786052950166<\/div>\n<div>Dil: T\u00dcRK\u00c7E<\/div>\n<div>Sayfa Say\u0131s\u0131: 24<\/div>\n<div>Cilt Tipi: Karton Kapak<\/div>\n<div>Ka\u011f\u0131t Cinsi: Kitap Ka\u011f\u0131d\u0131<\/div>\n<div>Boyut: 22 x 22 cm<\/div>","protected":false},"excerpt":{"rendered":"<p>\u0130nci k\u00fcvette oynamay\u0131 \u00e7ok seviyordu. Ama sa\u00e7lar\u0131n\u0131n y\u0131kanmas\u0131ndan hi\u00e7 mi hi\u00e7 ho\u015flanm\u0131yordu! Neyse ki \u0130nci\u2019nin ve annesinin o kadar harika fikirleri vard\u0131 ki, banyo yapmak ve sa\u00e7 y\u0131kamak e\u011flenceli bir hale geliyordu.\u0130nci k\u00fcvette oynamay\u0131 \u00e7ok seviyordu. Ama sa\u00e7lar\u0131n\u0131n y\u0131kanmas\u0131ndan hi\u00e7 mi hi\u00e7 ho\u015flanm\u0131yordu! Neyse ki \u0130nci\u2019nin ve annesinin o kadar harika fikirleri vard\u0131 ki, banyo yapmak ve sa\u00e7 y\u0131kamak e\u011flenceli bir hale geliyordu.<\/p>","protected":false},"featured_media":17110,"template":"","meta":{"spay_email":""},"product_cat":[172],"product_tag":[],"item":[336],"acf":[],"_links":{"self":[{"href":"https:\/\/mgvpublications.com\/de\/wp-json\/wp\/v2\/product\/17109"}],"collection":[{"href":"https:\/\/mgvpublications.com\/de\/wp-json\/wp\/v2\/product"}],"about":[{"href":"https:\/\/mgvpublications.com\/de\/wp-json\/wp\/v2\/types\/product"}],"wp:featuredmedia":[{"embeddable":true,"href":"https:\/\/mgvpublications.com\/de\/wp-json\/wp\/v2\/media\/17110"}],"wp:attachment":[{"href":"https:\/\/mgvpublications.com\/de\/wp-json\/wp\/v2\/media?parent=17109"}],"wp:term":[{"taxonomy":"product_cat","embeddable":true,"href":"https:\/\/mgvpublications.com\/de\/wp-json\/wp\/v2\/product_cat?post=17109"},{"taxonomy":"product_tag","embeddable":true,"href":"https:\/\/mgvpublications.com\/de\/wp-json\/wp\/v2\/product_tag?post=17109"},{"taxonomy":"item","embeddable":true,"href":"https:\/\/mgvpublications.com\/de\/wp-json\/wp\/v2\/item?post=17109"}],"curies":[{"name":"wp","href":"https:\/\/api.w.org\/{rel}","templated":true}]}}